{"id":1120,"date":"2020-06-05T10:33:56","date_gmt":"2020-06-05T08:33:56","guid":{"rendered":"https:\/\/www.trefiladosurbano.com\/politica-de-cookies\/"},"modified":"2020-12-04T11:39:43","modified_gmt":"2020-12-04T10:39:43","slug":"politique-de-cookies","status":"publish","type":"page","link":"https:\/\/www.trefiladosurbano.com\/fr\/politique-de-cookies\/","title":{"rendered":"Politique de cookies"},"content":{"rendered":"<div class=\"cabecera-pagina container-fluid pr-0\">\n<div class=\"fondo-cabecera-pagina\">&nbsp;<\/div>\n<div class=\"row mb-5\">\n<div class=\"col-9 pl-0\"><img  title=\"\" decoding=\"async\" class=\"alignnone size-full wp-image-412 img-cover\" src=\"http:\/\/www.trefiladosurbano.com\/wp-content\/uploads\/2020\/06\/cabecera-contacto.jpg\"  alt=\"Politique de cookies - Trefilados Urbano\"  width=\"1600\" height=\"533\" srcset=\"https:\/\/www.trefiladosurbano.com\/wp-content\/uploads\/2020\/06\/cabecera-contacto.jpg 1600w, https:\/\/www.trefiladosurbano.com\/wp-content\/uploads\/2020\/06\/cabecera-contacto-300x100.jpg 300w, https:\/\/www.trefiladosurbano.com\/wp-content\/uploads\/2020\/06\/cabecera-contacto-1024x341.jpg 1024w, https:\/\/www.trefiladosurbano.com\/wp-content\/uploads\/2020\/06\/cabecera-contacto-768x256.jpg 768w, https:\/\/www.trefiladosurbano.com\/wp-content\/uploads\/2020\/06\/cabecera-contacto-1536x512.jpg 1536w\" sizes=\"(max-width: 1600px) 100vw, 1600px\" \/><\/div>\n<\/div>\n<h1 class=\"text-uppercase text-right wow slideInRight\">Politique de cookies<\/h1>\n<\/div>\n<div class=\"container py-4 py-md-5\">\n<h3>1. l&rsquo;identification.<\/h3>\n<p class=\"text-left\"><strong>1.1.<\/strong> Trefilados Urbano S.L., dont le si\u00e8ge social est situ\u00e9 Carretera de la Paz, S\/N, la Carlota, 14100, Cordoba Espagne ; t\u00e9l\u00e9phone +34 957 300 075 ; et courrier \u00e9lectronique info@trefiladosurbano.com, est propri\u00e9taire du site web situ\u00e9 \u00e0 l&rsquo;adresse Internet https:\/\/www.trefiladosurbano.com et de ses comptes dans les r\u00e9seaux sociaux (dor\u00e9navant, ce site web).<\/p>\n<p class=\"text-left\"><strong>1.2.<\/strong> Trefilados Urbano S.L. est le titulaire des comptes suivants dans les r\u00e9seaux sociaux:<\/p>\n<ul>\n<li><a href=\"https:\/\/es-es.facebook.com\/pages\/category\/Industrial-Company\/Trefilados-Urbano-SL-278195888964685\/\" target=\"_blank\" rel=\"noopener noreferrer\">Page Facebook<\/a>.<\/li>\n<\/ul>\n<p class=\"text-left\"><strong>1.3.<\/strong> La personne qui acc\u00e8de \u00e0 ce site web (ci-apr\u00e8s l&rsquo;Utilisateur), s&rsquo;assure qu&rsquo;elle a l&rsquo;\u00e2ge minimum l\u00e9gal \u00e9tabli par le R\u00e8glement g\u00e9n\u00e9ral sur la protection des donn\u00e9es (16 ans) ou par la l\u00e9gislation nationale qui s&rsquo;applique pour donner son consentement en relation avec les services de la soci\u00e9t\u00e9 de l&rsquo;information.<\/p>\n<p class=\"text-left\"><strong>1.4.<\/strong> En acc\u00e9dant \u00e0 ce site web, l&rsquo;utilisateur accepte express\u00e9ment toutes les clauses de son <a href=\"https:\/\/trefiladosurbano.fr\/avis-juridique\/\" target=\"_blank\" rel=\"noopener\">avis juridique<\/a>, de sa <a href=\"https:\/\/trefiladosurbano.fr\/politique-de-protection-de-la-vie-privee\/\" target=\"_blank\" rel=\"noopener\">politique de confidentialit\u00e9<\/a>, de cette politique de cookies, ainsi que toutes les conditions particuli\u00e8res incluses pour l&rsquo;utilisation de certains services. Si l&rsquo;utilisateur n&rsquo;accepte pas l&rsquo;une des clauses susmentionn\u00e9es, il doit s&rsquo;abstenir d&rsquo;acc\u00e9der \u00e0 ce site web.<\/p>\n<div class=\"divider-gris my-4\">&nbsp;<\/div>\n<h3>2. Les cookies.<\/h3>\n<p class=\"text-left\"><strong>2.1.<\/strong> Trefilados Urbano S.L. informe l&rsquo;Utilisateur que ce site Web utilise ses propres cookies et des tiers pour son fonctionnement, et analyse les habitudes de navigation.<\/p>\n<p class=\"text-left\"><strong>2.2.<\/strong> Les cookies sont des fichiers texte qui sont automatiquement enregistr\u00e9s sur l&rsquo;\u00e9quipement de l&rsquo;Utilisateur (ordinateur, t\u00e9l\u00e9phone portable, tablette, etc.) lorsqu&rsquo;il acc\u00e8de \u00e0 certaines applications et pages Internet, et dont la finalit\u00e9 peut \u00eatre de fournir certains services, ou de stocker et de r\u00e9cup\u00e9rer des informations sur les habitudes de navigation des Utilisateurs sur un site web.<\/p>\n<p class=\"text-left\"><strong>2.3.<\/strong> Article 22. 2 de la loi 34\/2002, du 11 juillet, sur les services de la soci\u00e9t\u00e9 de l&rsquo;information et le commerce \u00e9lectronique (ci-apr\u00e8s LSSI), \u00e9tablit que \u00ab\u00a0les prestataires de services peuvent utiliser des dispositifs de stockage et d&rsquo;extraction de donn\u00e9es sur les \u00e9quipements terminaux des destinataires, \u00e0 condition que ceux-ci aient donn\u00e9 leur consentement apr\u00e8s avoir re\u00e7u une information claire et compl\u00e8te sur l&rsquo;utilisation des donn\u00e9es, en particulier sur les finalit\u00e9s du traitement des donn\u00e9es, conform\u00e9ment aux dispositions de la loi organique 15\/1999, du 13 d\u00e9cembre, sur la protection des donn\u00e9es \u00e0 caract\u00e8re personnel. Lorsque cela est techniquement possible et efficace, le consentement du destinataire \u00e0 accepter le traitement des donn\u00e9es peut \u00eatre fourni par l&rsquo;utilisation des param\u00e8tres appropri\u00e9s du navigateur ou d&rsquo;autres applications, \u00e0 condition que le destinataire proc\u00e8de \u00e0 sa configuration lors de l&rsquo;installation ou de la mise \u00e0 jour au moyen d&rsquo;une action expresse \u00e0 cet effet. Ce qui pr\u00e9c\u00e8de ne fait pas obstacle \u00e0 un \u00e9ventuel stockage ou acc\u00e8s de nature technique dans le seul but d&rsquo;effectuer la transmission d&rsquo;une communication par un r\u00e9seau de communications \u00e9lectroniques ou, dans la mesure strictement n\u00e9cessaire, pour la fourniture d&rsquo;un service de la soci\u00e9t\u00e9 de l&rsquo;information express\u00e9ment demand\u00e9 par le destinataire\u00a0\u00bb.<\/p>\n<p class=\"text-left\"><strong>2.4.<\/strong> En acc\u00e9dant \u00e0 ce site web, l&rsquo;utilisateur accepte express\u00e9ment l&rsquo;utilisation des cookies d\u00e9crits ici. En cas de refus des cookies susmentionn\u00e9s, l&rsquo;utilisateur doit s&rsquo;abstenir d&rsquo;acc\u00e9der \u00e0 ce site web.<\/p>\n<p class=\"text-left\"><strong>2.5.<\/strong> Trefilados Urbano S.L. se r\u00e9serve le droit d&rsquo;utiliser de nouveaux cookies ou de cesser d&rsquo;utiliser les cookies existants, il appartient donc \u00e0 l&rsquo;utilisateur de les examiner avant d&rsquo;acc\u00e9der \u00e0 ce site web.<\/p>\n<div class=\"divider-gris my-4\">&nbsp;<\/div>\n<h3>3. Les types.<\/h3>\n<p class=\"text-left\"><strong>3.1.<\/strong> En fonction de leur objectif, les cookies peuvent \u00eatre techniques, permettant aux utilisateurs de naviguer sur un site web et d&rsquo;utiliser les diff\u00e9rentes options ou services qui y existent, tels que l&rsquo;identification de la session, l&rsquo;acc\u00e8s \u00e0 des parties d&rsquo;acc\u00e8s restreint, la demande d&rsquo;inscription ou de participation \u00e0 un \u00e9v\u00e9nement, l&rsquo;utilisation de dispositifs de s\u00e9curit\u00e9 pendant la navigation, le stockage de contenu pour la diffusion de vid\u00e9o ou de son, ou le partage de contenu par le biais de r\u00e9seaux sociaux ; les fonctions de personnalisation, qui permettent aux utilisateurs d&rsquo;acc\u00e9der \u00e0 un site web pr\u00e9sentant certaines caract\u00e9ristiques g\u00e9n\u00e9rales pr\u00e9d\u00e9finies selon une s\u00e9rie de crit\u00e8res du terminal de l&rsquo;utilisateur, tels que la langue, le type de navigateur par lequel ils acc\u00e8dent au service, ou la configuration r\u00e9gionale \u00e0 partir de laquelle ils acc\u00e8dent au service ; qui permettent \u00e0 leur responsable de suivre et d&rsquo;analyser le comportement des Utilisateurs sur les sites web auxquels ils sont li\u00e9s (les informations recueillies au moyen de ce type de cookie sont utilis\u00e9es pour mesurer l&rsquo;activit\u00e9 des sites web, et pour \u00e9tablir les profils de navigation des Utilisateurs de ces sites, afin d&rsquo;introduire des am\u00e9liorations bas\u00e9es sur l&rsquo;analyse des donn\u00e9es d&rsquo;utilisation faites par les Utilisateurs du service) ; la publicit\u00e9, qui permet la gestion des espaces publicitaires inclus dans un site web en fonction de crit\u00e8res tels que le contenu \u00e9dit\u00e9 ou la fr\u00e9quence de diffusion des publicit\u00e9s ; ou la publicit\u00e9 comportementale, qui permet la gestion des espaces publicitaires qui ont \u00e9t\u00e9 inclus dans un site web (ces cookies stockent des informations sur le comportement des Utilisateurs obtenues gr\u00e2ce \u00e0 l&rsquo;observation continue de leurs habitudes de navigation, ce qui permet de d\u00e9velopper un profil sp\u00e9cifique pour afficher la publicit\u00e9 sur cette base).<\/p>\n<p class=\"text-left\"><strong>3.2.<\/strong> En fonction de la personne qui les envoie, g\u00e8re et traite les donn\u00e9es obtenues, les cookies peuvent \u00eatre les leurs, qui sont g\u00e9r\u00e9s par le propri\u00e9taire du site web; et ceux de tiers, qui sont g\u00e9r\u00e9s par une autre entit\u00e9.<\/p>\n<p class=\"text-left\"><strong>3.3.<\/strong> En fonction de la dur\u00e9e de leur activation sur l&rsquo;\u00e9quipement des Utilisateurs, les cookies peuvent \u00eatre des cookies de session, qui sont con\u00e7us pour collecter et stocker des donn\u00e9es pendant que les Utilisateurs acc\u00e8dent \u00e0 un site web ; et des cookies persistants, qui permettent de stocker, d&rsquo;acc\u00e9der et de traiter des donn\u00e9es sur le terminal des Utilisateurs pendant une p\u00e9riode d\u00e9finie par la personne responsable du cookie, qui peut aller de quelques minutes \u00e0 plusieurs ann\u00e9es.<\/p>\n<p class=\"text-left\"><strong>3.4.<\/strong> Les cookies pour la saisie, l&rsquo;authentification ou l&rsquo;identification des Utilisateurs, la s\u00e9curit\u00e9 des Utilisateurs, la session de lecteur multim\u00e9dia, la session de r\u00e9partition de charge, la personnalisation de l&rsquo;interface Utilisateur, ou le compl\u00e9ment pour l&rsquo;\u00e9change de contenus sociaux; sont exempt\u00e9s du respect de l&rsquo;article 22.2 de la LSSI.<\/p>\n<div class=\"divider-gris my-4\">&nbsp;<\/div>\n<h3>4. Cookies utilis\u00e9s sur ce site web.<\/h3>\n<p class=\"text-left\"><strong>4.1.<\/strong> Tableau des cookies utilis\u00e9s sur ce site web:<\/p>\n<table class=\"table\">\n<tbody>\n<tr>\n<td width=\"14%\"><strong>Nom<\/strong><\/td>\n<td width=\"14%\"><strong>Service<\/strong><\/td>\n<td width=\"14%\"><strong>Objet<\/strong><\/td>\n<td width=\"14%\"><strong>Type<\/strong><\/td>\n<td width=\"14%\"><strong>Domaine<\/strong><\/td>\n<td width=\"14%\"><strong>Dur\u00e9e<\/strong><\/td>\n<td width=\"14%\"><strong>Plus D\u2019information<\/strong><\/td>\n<\/tr>\n<tr>\n<td>__utma<\/td>\n<td>Google Analytics<\/td>\n<td>Il sert \u00e0 distinguer les utilisateurs et les sessions. Le cookie est cr\u00e9\u00e9 lorsque la biblioth\u00e8que JavaScript est ex\u00e9cut\u00e9e et qu&rsquo;il n&rsquo;y a pas de cookie __utma. Le cookie est mis \u00e0 jour chaque fois que des donn\u00e9es sont envoy\u00e9es \u00e0 Google Analytics<\/td>\n<td>Analyse<\/td>\n<td>Propre et tiers (Google Inc.)<\/td>\n<td>Deux ans \u00e0 compter de la configuration ou de la mise \u00e0 niveau<\/td>\n<td><a href=\"https:\/\/developers.google.com\/analytics\/devguides\/collection\/analyticsjs\/cookie-usage\" target=\"_blank\" rel=\"noopener\">Cliquez&nbsp;ici<\/a><\/td>\n<\/tr>\n<tr>\n<td>__utmb<\/td>\n<td>Google Analytics<\/td>\n<td>Il sert \u00e0 d\u00e9terminer les nouvelles sessions ou visites. Le cookie est cr\u00e9\u00e9 lorsque la biblioth\u00e8que JavaScript est ex\u00e9cut\u00e9e et qu&rsquo;il n&rsquo;y a pas de cookie __utmb. Le cookie est mis \u00e0 jour \u00e0 chaque fois que des donn\u00e9es sont envoy\u00e9es \u00e0 Google Analytics<\/td>\n<td>Analyse<\/td>\n<td>Propre et tiers (Google Inc.)<\/td>\n<td>30 minutes \u00e0 partir de l&rsquo;installation ou de la mise \u00e0 jour<\/td>\n<td><a href=\"https:\/\/developers.google.com\/analytics\/devguides\/collection\/analyticsjs\/cookie-usage\" target=\"_blank\" rel=\"noopener\">Cliquez&nbsp;ici<\/a><\/td>\n<\/tr>\n<tr>\n<td>__utmc<\/td>\n<td>Google Analytics<\/td>\n<td>Non utilis\u00e9 dans les ga.js. Il est configur\u00e9 pour interagir avec urchin.js. Auparavant, ce cookie agissait conjointement avec le cookie __utmb pour d\u00e9terminer si l&rsquo;utilisateur \u00e9tait dans une nouvelle session ou visite<\/td>\n<td>Analyse<\/td>\n<td>Propre et tiers (Google Inc.)<\/td>\n<td>Fin de la session du navigateur<\/td>\n<td><a href=\"https:\/\/developers.google.com\/analytics\/devguides\/collection\/analyticsjs\/cookie-usage\" target=\"_blank\" rel=\"noopener\">Cliquez&nbsp;ici<\/a><\/td>\n<\/tr>\n<tr>\n<td>__utmz<\/td>\n<td>Google Analytics<\/td>\n<td>Enregistre la source du trafic ou la campagne qui explique comment l&rsquo;utilisateur est arriv\u00e9 sur le site. Le cookie est cr\u00e9\u00e9 lorsque la biblioth\u00e8que JavaScript est ex\u00e9cut\u00e9e et mise \u00e0 jour \u00e0 chaque fois que des donn\u00e9es sont envoy\u00e9es \u00e0 Google Analytics<\/td>\n<td>Analyse<\/td>\n<td>Propre et tiers (Google Inc.)<\/td>\n<td>Six mois \u00e0 compter de la configuration ou de la mise \u00e0 niveau<\/td>\n<td><a href=\"https:\/\/developers.google.com\/analytics\/devguides\/collection\/analyticsjs\/cookie-usage\" target=\"_blank\" rel=\"noopener\">Cliquez&nbsp;ici<\/a><\/td>\n<\/tr>\n<tr>\n<td>__utmv<\/td>\n<td>Google Analytics<\/td>\n<td>Utilis\u00e9 pour stocker des donn\u00e9es variables personnalis\u00e9es sur les visiteurs. Ce cookie est cr\u00e9\u00e9 lorsqu&rsquo;un programmeur utilise la m\u00e9thode _setCustomVar avec une variable visiteur personnalis\u00e9e. Il a \u00e9galement \u00e9t\u00e9 utilis\u00e9 pour la m\u00e9thode obsol\u00e8te _setVar. Le cookie est mis \u00e0 jour \u00e0 chaque fois que des donn\u00e9es sont envoy\u00e9es \u00e0 Google Analytics<\/td>\n<td>Analyse<\/td>\n<td>Propre et tiers (Google Inc.)<\/td>\n<td>Deux ans \u00e0 compter de la configuration ou de la mise \u00e0 niveau<\/td>\n<td><a href=\"https:\/\/developers.google.com\/analytics\/devguides\/collection\/analyticsjs\/cookie-usage\" target=\"_blank\" rel=\"noopener\">Cliquez&nbsp;ici<\/a><\/td>\n<\/tr>\n<tr>\n<td>viewed_cookie_policy<\/td>\n<td>EU Cookie Law Info<\/td>\n<td>Option d&rsquo;acceptation des cookies<\/td>\n<td>Technique<\/td>\n<td>Propre<\/td>\n<td>Une ann\u00e9e<\/td>\n<td><a href=\"https:\/\/www.cookielawinfo.com\/\" target=\"_blank\" rel=\"noopener\">Cliquez ici<\/a><\/td>\n<\/tr>\n<\/tbody>\n<\/table>\n<p class=\"text-left\"><strong>4.2.<\/strong> Compte tenu des caract\u00e9ristiques de l&rsquo;Internet, Trefilados Urbano SL ne dispose pas toujours des informations provenant des cookies plac\u00e9s par des tiers.<\/p>\n<p class=\"text-left\"><strong>4.3.<\/strong> Dans le cas o\u00f9 l&rsquo;Utilisateur d\u00e9tecterait sur ce site web des cookies qui ne sont pas d\u00e9crits ici, il devra en informer Trefilados Urbano SL par le biais de la section contact.<\/p>\n<div class=\"divider-gris my-4\">&nbsp;<\/div>\n<h3>5. Les r\u00e9seaux sociaux.<\/h3>\n<p class=\"text-left\"><strong>5.1.<\/strong> En acc\u00e9dant aux comptes de l&rsquo;Utilisateur, Trefilados Urbano SL sur les r\u00e9seaux sociaux accepte l&rsquo;utilisation de cookies par celui-ci, conform\u00e9ment \u00e0 sa politique en mati\u00e8re de cookies.<\/p>\n<ul>\n<li><a href=\"https:\/\/es-es.facebook.com\/help\/cookies\" target=\"_blank\" rel=\"noopener noreferrer\">Politique en mati\u00e8re de cookies sur Facebook.<\/a>.<\/li>\n<\/ul>\n<div class=\"divider-gris my-4\">&nbsp;<\/div>\n<h3>6. Modifier la configuration des cookies.<\/h3>\n<p class=\"text-left\"><strong>6.1.<\/strong> L&rsquo;utilisateur peut autoriser, bloquer ou supprimer les cookies install\u00e9s sur votre ordinateur en configurant les options de votre navigateur.<\/p>\n<ul>\n<li><a href=\"https:\/\/support.google.com\/chrome\/answer\/95647?hl=%22es%22\" target=\"_blank\" rel=\"noopener noreferrer\">En savoir plus sur Chrome<\/a>.<\/li>\n<li><a href=\"https:\/\/support.mozilla.org\/es\/kb\/Borrar%20cookies\" target=\"_blank\" rel=\"noopener noreferrer\">En savoir plus sur FireFox<\/a>.<\/li>\n<li><a href=\"https:\/\/windows.microsoft.com\/es-xl\/internet-explorer\/delete-manage-cookies#ie=%22ie-10%22%20t\" target=\"_blank\" rel=\"noopener noreferrer\">En savoir plus sur Internet Explorer<\/a>.<\/li>\n<li><a href=\"https:\/\/www.apple.com\/es\/privacy\/use-of-cookies\/\" target=\"_blank\" rel=\"noopener noreferrer\">En savoir plus sur Safari<\/a>.<\/li>\n<li><a href=\"https:\/\/help.opera.com\/Windows\/11.50\/es-ES\/cookies.html\" target=\"_blank\" rel=\"noopener noreferrer\">En savoir plus sur Opera<\/a>.<\/li>\n<\/ul>\n<p class=\"text-left\"><strong>6.2.<\/strong> Pour obtenir un module d&rsquo;extension de Google Analytics Opt-out pour les navigateurs, cliquez <a href=\"https:\/\/tools.google.com\/dlpage\/gaoptout?hl=es\" target=\"_blank\" rel=\"noopener noreferrer\">ici<\/a>.<\/p>\n<div class=\"divider-gris my-4\">&nbsp;<\/div>\n<h3>7. Guide sur l&rsquo;utilisation des cookies.<\/h3>\n<p class=\"text-left\"><strong>7.1.<\/strong> Pour obtenir le guide sur l&rsquo;utilisation des cookies pr\u00e9par\u00e9 par l&rsquo;Agence espagnole de protection des donn\u00e9es, cliquez <a class=\"fancybox-pdf\" href=\"https:\/\/www.agpd.es\/portalwebAGPD\/canaldocumentacion\/publicaciones\/common\/Guias\/Guia_Cookies.pdf\" target=\"_blank\" rel=\"noopener noreferrer\">ici<\/a>.<\/p>\n<\/div>\n","protected":false},"excerpt":{"rendered":"<p>&nbsp; Politique de cookies 1. l&rsquo;identification. 1.1. Trefilados Urbano S.L., dont le si\u00e8ge social est situ\u00e9 Carretera de la Paz, S\/N, la Carlota, 14100, Cordoba Espagne ; t\u00e9l\u00e9phone +34 957 300 075 ; et courrier \u00e9lectronique info@trefiladosurbano.com, est propri\u00e9taire du site web situ\u00e9 \u00e0 l&rsquo;adresse Internet https:\/\/www.trefiladosurbano.com et de ses comptes dans les r\u00e9seaux sociaux<\/p>\n<a class=\"btn btn-primary read-more-button\" href=\"https:\/\/www.trefiladosurbano.com\/fr\/politique-de-cookies\/\">Leer m\u00e1s...<\/a>","protected":false},"author":6,"featured_media":0,"parent":0,"menu_order":0,"comment_status":"closed","ping_status":"closed","template":"pages-templates\/empty-page.php","meta":{"_acf_changed":false,"ngg_post_thumbnail":0,"footnotes":""},"acf":[],"_links":{"self":[{"href":"https:\/\/www.trefiladosurbano.com\/fr\/wp-json\/wp\/v2\/pages\/1120"}],"collection":[{"href":"https:\/\/www.trefiladosurbano.com\/fr\/wp-json\/wp\/v2\/pages"}],"about":[{"href":"https:\/\/www.trefiladosurbano.com\/fr\/wp-json\/wp\/v2\/types\/page"}],"author":[{"embeddable":true,"href":"https:\/\/www.trefiladosurbano.com\/fr\/wp-json\/wp\/v2\/users\/6"}],"replies":[{"embeddable":true,"href":"https:\/\/www.trefiladosurbano.com\/fr\/wp-json\/wp\/v2\/comments?post=1120"}],"version-history":[{"count":3,"href":"https:\/\/www.trefiladosurbano.com\/fr\/wp-json\/wp\/v2\/pages\/1120\/revisions"}],"predecessor-version":[{"id":1483,"href":"https:\/\/www.trefiladosurbano.com\/fr\/wp-json\/wp\/v2\/pages\/1120\/revisions\/1483"}],"wp:attachment":[{"href":"https:\/\/www.trefiladosurbano.com\/fr\/wp-json\/wp\/v2\/media?parent=1120"}],"curies":[{"name":"wp","href":"https:\/\/api.w.org\/{rel}","templated":true}]}}