{"id":1137,"date":"2020-04-17T14:33:04","date_gmt":"2020-04-17T12:33:04","guid":{"rendered":"https:\/\/www.trefiladosurbano.com\/productos\/acero-alto-carbono\/"},"modified":"2024-04-18T18:30:58","modified_gmt":"2024-04-18T16:30:58","slug":"acier-a-haute-teneur-en-carbone","status":"publish","type":"page","link":"https:\/\/www.trefiladosurbano.com\/fr\/produits\/acier-a-haute-teneur-en-carbone\/","title":{"rendered":"Acier \u00e0 haute teneur en carbone"},"content":{"rendered":"<div class=\"cabecera-pagina container-fluid pr-0\">\n<div class=\"fondo-cabecera-pagina\">&nbsp;<\/div>\n<div class=\"row mb-5\">\n<div class=\"col-9 pl-0\"><img  title=\"\" decoding=\"async\" class=\"alignnone size-full wp-image-1244 img-cover\" src=\"https:\/\/www.trefiladosurbano.com\/wp-content\/uploads\/2020\/06\/cabecera-alto-carbono.jpg\"  alt=\"Acier \u00e0 haute teneur en carbone - Trefilados Urbano\"  width=\"1600\" height=\"533\" srcset=\"https:\/\/www.trefiladosurbano.com\/wp-content\/uploads\/2020\/06\/cabecera-alto-carbono.jpg 1600w, https:\/\/www.trefiladosurbano.com\/wp-content\/uploads\/2020\/06\/cabecera-alto-carbono-300x100.jpg 300w, https:\/\/www.trefiladosurbano.com\/wp-content\/uploads\/2020\/06\/cabecera-alto-carbono-1024x341.jpg 1024w, https:\/\/www.trefiladosurbano.com\/wp-content\/uploads\/2020\/06\/cabecera-alto-carbono-768x256.jpg 768w, https:\/\/www.trefiladosurbano.com\/wp-content\/uploads\/2020\/06\/cabecera-alto-carbono-1536x512.jpg 1536w\" sizes=\"(max-width: 1600px) 100vw, 1600px\" \/><\/div>\n<\/div>\n<h1 class=\"text-uppercase text-right wow slideInRight\">Acier \u00e0 haute teneur en carbone<\/h1>\n<\/div>\n<section class=\"container-fluid my-5\">\n<div class=\"row\">\n<div class=\"col-lg-2\">&nbsp;<\/div>\n<div class=\"col-lg-8\">\n<p class=\"text-left texto-semi-destacado wow slideInUp\">Les fils d&rsquo;acier \u00e0 haute teneur en carbone sont ceux qui sont tr\u00e8s robustes. Plus le degr\u00e9 de carbone est \u00e9lev\u00e9, plus le mat\u00e9riau r\u00e9sultant est de bonne qualit\u00e9, ainsi que sa r\u00e9sistance. Avec ce type de produit, on recherche une durabilit\u00e9 maximale et un allongement minimal. Il est difficile de travailler avec ce mat\u00e9riel, et c&rsquo;est pr\u00e9cis\u00e9ment ce qu&rsquo;il faut pour garantir la s\u00e9curit\u00e9 de son utilisation. Venez d\u00e9couvrir notre gamme compl\u00e8te de produits.<\/p>\n<\/div>\n<\/div>\n<\/section>\n<section class=\"productos-home container-fluid my-5\">\n<div class=\"row px-3\">\n<div class=\"col-md-4 col-xl-3 mb-5 wow fadeInUp\">\n<div class=\"producto-home-select\">\n<p><img  title=\"\" decoding=\"async\" class=\"alignnone size-full wp-image-1247 img-cover\" src=\"https:\/\/www.trefiladosurbano.com\/wp-content\/uploads\/2020\/08\/alto-galvanizados.jpg\"  alt=\"Acier \u00e0 haute teneur en carbone - Trefilados Urbano\"  width=\"800\" height=\"800\" srcset=\"https:\/\/www.trefiladosurbano.com\/wp-content\/uploads\/2020\/08\/alto-galvanizados.jpg 800w, https:\/\/www.trefiladosurbano.com\/wp-content\/uploads\/2020\/08\/alto-galvanizados-300x300.jpg 300w, https:\/\/www.trefiladosurbano.com\/wp-content\/uploads\/2020\/08\/alto-galvanizados-150x150.jpg 150w, https:\/\/www.trefiladosurbano.com\/wp-content\/uploads\/2020\/08\/alto-galvanizados-768x768.jpg 768w\" sizes=\"(max-width: 800px) 100vw, 800px\" \/><\/p>\n<h3 class=\"text-uppercase font-weight-bold m-0 d-flex justify-content-center flex-column\"><a href=\"https:\/\/www.trefiladosurbano.com\/fr\/produits\/acier-a-haute-teneur-en-carbone\/fil-galvanise\/\">Fil galvanis\u00e9<\/a><\/h3>\n<p>&nbsp;<\/p>\n<\/div>\n<\/div>\n<div class=\"col-md-4 col-xl-3 mb-5 wow fadeInUp\" data-wow-delay=\"250ms\">\n<div class=\"producto-home-select\">\n<p><img  title=\"\" decoding=\"async\" class=\"alignnone size-full wp-image-1246 img-cover\" src=\"https:\/\/www.trefiladosurbano.com\/wp-content\/uploads\/2020\/08\/alto-alambre-gris.jpg\"  alt=\"Acier \u00e0 haute teneur en carbone - Trefilados Urbano\"  width=\"800\" height=\"800\" srcset=\"https:\/\/www.trefiladosurbano.com\/wp-content\/uploads\/2020\/08\/alto-alambre-gris.jpg 800w, https:\/\/www.trefiladosurbano.com\/wp-content\/uploads\/2020\/08\/alto-alambre-gris-300x300.jpg 300w, https:\/\/www.trefiladosurbano.com\/wp-content\/uploads\/2020\/08\/alto-alambre-gris-150x150.jpg 150w, https:\/\/www.trefiladosurbano.com\/wp-content\/uploads\/2020\/08\/alto-alambre-gris-768x768.jpg 768w\" sizes=\"(max-width: 800px) 100vw, 800px\" \/><\/p>\n<h3 class=\"text-uppercase font-weight-bold m-0 d-flex justify-content-center flex-column\"><a href=\"https:\/\/www.trefiladosurbano.com\/fr\/produits\/acier-a-haute-teneur-en-carbone\/fil-clair-brillant\/\">Fil clair brillant<\/a><\/h3>\n<p>&nbsp;<\/p>\n<\/div>\n<\/div>\n<div class=\"col-md-4 col-xl-3 mb-5 wow fadeInUp\" data-wow-delay=\"500ms\">\n<div class=\"producto-home-select\">\n<p><img  title=\"\" decoding=\"async\" class=\"alignnone size-full wp-image-1241 img-cover\" src=\"https:\/\/www.trefiladosurbano.com\/wp-content\/uploads\/2020\/06\/alto-varillas.jpg\"  alt=\"Acier \u00e0 haute teneur en carbone - Trefilados Urbano\"  width=\"800\" height=\"800\" srcset=\"https:\/\/www.trefiladosurbano.com\/wp-content\/uploads\/2020\/06\/alto-varillas.jpg 800w, https:\/\/www.trefiladosurbano.com\/wp-content\/uploads\/2020\/06\/alto-varillas-300x300.jpg 300w, https:\/\/www.trefiladosurbano.com\/wp-content\/uploads\/2020\/06\/alto-varillas-150x150.jpg 150w, https:\/\/www.trefiladosurbano.com\/wp-content\/uploads\/2020\/06\/alto-varillas-768x768.jpg 768w\" sizes=\"(max-width: 800px) 100vw, 800px\" \/><\/p>\n<h3 class=\"text-uppercase font-weight-bold m-0 d-flex justify-content-center flex-column\"><a href=\"https:\/\/www.trefiladosurbano.com\/fr\/produits\/acier-a-haute-teneur-en-carbone\/fil-coupe-en-tiges-de-fer-et-acier\/\">Fil coup\u00e9 en tiges de fer et acier<\/a><\/h3>\n<p>&nbsp;<\/p>\n<\/div>\n<\/div>\n<div class=\"col-md-4 col-xl-3 mb-5 wow fadeInUp\" data-wow-delay=\"750ms\">\n<div class=\"producto-home-select\">\n<p><img  title=\"\" decoding=\"async\" class=\"alignnone size-full wp-image-1242 img-cover\" src=\"https:\/\/www.trefiladosurbano.com\/wp-content\/uploads\/2020\/06\/alto-cordon.jpg\"  alt=\"Acier \u00e0 haute teneur en carbone - Trefilados Urbano\"  width=\"800\" height=\"801\" srcset=\"https:\/\/www.trefiladosurbano.com\/wp-content\/uploads\/2020\/06\/alto-cordon.jpg 800w, https:\/\/www.trefiladosurbano.com\/wp-content\/uploads\/2020\/06\/alto-cordon-300x300.jpg 300w, https:\/\/www.trefiladosurbano.com\/wp-content\/uploads\/2020\/06\/alto-cordon-150x150.jpg 150w, https:\/\/www.trefiladosurbano.com\/wp-content\/uploads\/2020\/06\/alto-cordon-768x769.jpg 768w\" sizes=\"(max-width: 800px) 100vw, 800px\" \/><\/p>\n<h3 class=\"text-uppercase font-weight-bold m-0 d-flex justify-content-center flex-column\"><a href=\"https:\/\/www.trefiladosurbano.com\/fr\/produits\/acier-a-haute-teneur-en-carbone\/cable-et-tresse-en-acier-galvanise\/\">Cable et tresse en acier galvanis\u00e9<\/a><\/h3>\n<p>&nbsp;<\/p>\n<\/div>\n<\/div>\n<div class=\"col-md-4 col-xl-3 mb-5 wow fadeInUp\" data-wow-delay=\"1250ms\">\n<div class=\"producto-home-select\">\n<p><img  title=\"\" decoding=\"async\" class=\"alignnone size-full wp-image-1254 img-cover\" src=\"https:\/\/www.trefiladosurbano.com\/wp-content\/uploads\/2020\/06\/bajo-carbono-urzinal.jpg\"  alt=\"Acier \u00e0 haute teneur en carbone - Trefilados Urbano\"  width=\"800\" height=\"799\" srcset=\"https:\/\/www.trefiladosurbano.com\/wp-content\/uploads\/2020\/06\/bajo-carbono-urzinal.jpg 800w, https:\/\/www.trefiladosurbano.com\/wp-content\/uploads\/2020\/06\/bajo-carbono-urzinal-300x300.jpg 300w, https:\/\/www.trefiladosurbano.com\/wp-content\/uploads\/2020\/06\/bajo-carbono-urzinal-150x150.jpg 150w, https:\/\/www.trefiladosurbano.com\/wp-content\/uploads\/2020\/06\/bajo-carbono-urzinal-768x767.jpg 768w\" sizes=\"(max-width: 800px) 100vw, 800px\" \/><\/p>\n<h3 class=\"text-uppercase font-weight-bold m-0 d-flex justify-content-center flex-column\"><a href=\"https:\/\/www.trefiladosurbano.com\/fr\/produits\/acier-a-haute-teneur-en-carbone\/fil-urzinal-zinc-aluminium\/\">Fil urzinal (zinc + aluminium)<\/a><\/h3>\n<p>&nbsp;<\/p>\n<\/div>\n<\/div>\n<div class=\"col-md-4 col-xl-3 mb-5 wow fadeInUp\" data-wow-delay=\"1400ms\">\n<div class=\"producto-home-select\">\n<p><img  title=\"\" decoding=\"async\" class=\"alignnone size-full wp-image-1248 img-cover\" src=\"https:\/\/www.trefiladosurbano.com\/wp-content\/uploads\/2020\/08\/alto-acero-inox.jpg\"  alt=\"Acier \u00e0 haute teneur en carbone - Trefilados Urbano\"  width=\"800\" height=\"800\" srcset=\"https:\/\/www.trefiladosurbano.com\/wp-content\/uploads\/2020\/08\/alto-acero-inox.jpg 800w, https:\/\/www.trefiladosurbano.com\/wp-content\/uploads\/2020\/08\/alto-acero-inox-300x300.jpg 300w, https:\/\/www.trefiladosurbano.com\/wp-content\/uploads\/2020\/08\/alto-acero-inox-150x150.jpg 150w, https:\/\/www.trefiladosurbano.com\/wp-content\/uploads\/2020\/08\/alto-acero-inox-768x768.jpg 768w\" sizes=\"(max-width: 800px) 100vw, 800px\" \/><\/p>\n<h3 class=\"text-uppercase font-weight-bold m-0 d-flex justify-content-center flex-column\"><a href=\"https:\/\/www.trefiladosurbano.com\/fr\/produits\/acier-inoxydable\/\">Acier inoxydable<\/a><\/h3>\n<p>&nbsp;<\/p>\n<\/div>\n<\/div>\n<\/div>\n<\/section>\n","protected":false},"excerpt":{"rendered":"<p>&nbsp; Acier \u00e0 haute teneur en carbone &nbsp; Les fils d&rsquo;acier \u00e0 haute teneur en carbone sont ceux qui sont tr\u00e8s robustes. Plus le degr\u00e9 de carbone est \u00e9lev\u00e9, plus le mat\u00e9riau r\u00e9sultant est de bonne qualit\u00e9, ainsi que sa r\u00e9sistance. Avec ce type de produit, on recherche une durabilit\u00e9 maximale et un allongement minimal.<\/p>\n<a class=\"btn btn-primary read-more-button\" href=\"https:\/\/www.trefiladosurbano.com\/fr\/produits\/acier-a-haute-teneur-en-carbone\/\">Leer m\u00e1s...<\/a>","protected":false},"author":6,"featured_media":0,"parent":1133,"menu_order":0,"comment_status":"closed","ping_status":"closed","template":"pages-templates\/empty-page.php","meta":{"_acf_changed":false,"ngg_post_thumbnail":0,"footnotes":""},"acf":[],"_links":{"self":[{"href":"https:\/\/www.trefiladosurbano.com\/fr\/wp-json\/wp\/v2\/pages\/1137"}],"collection":[{"href":"https:\/\/www.trefiladosurbano.com\/fr\/wp-json\/wp\/v2\/pages"}],"about":[{"href":"https:\/\/www.trefiladosurbano.com\/fr\/wp-json\/wp\/v2\/types\/page"}],"author":[{"embeddable":true,"href":"https:\/\/www.trefiladosurbano.com\/fr\/wp-json\/wp\/v2\/users\/6"}],"replies":[{"embeddable":true,"href":"https:\/\/www.trefiladosurbano.com\/fr\/wp-json\/wp\/v2\/comments?post=1137"}],"version-history":[{"count":5,"href":"https:\/\/www.trefiladosurbano.com\/fr\/wp-json\/wp\/v2\/pages\/1137\/revisions"}],"predecessor-version":[{"id":22312,"href":"https:\/\/www.trefiladosurbano.com\/fr\/wp-json\/wp\/v2\/pages\/1137\/revisions\/22312"}],"up":[{"embeddable":true,"href":"https:\/\/www.trefiladosurbano.com\/fr\/wp-json\/wp\/v2\/pages\/1133"}],"wp:attachment":[{"href":"https:\/\/www.trefiladosurbano.com\/fr\/wp-json\/wp\/v2\/media?parent=1137"}],"curies":[{"name":"wp","href":"https:\/\/api.w.org\/{rel}","templated":true}]}}