{"id":1140,"date":"2020-08-14T11:45:43","date_gmt":"2020-08-14T09:45:43","guid":{"rendered":"https:\/\/www.trefiladosurbano.com\/productos\/acero-alto-carbono\/acero-inoxidable\/"},"modified":"2024-06-04T18:43:24","modified_gmt":"2024-06-04T16:43:24","slug":"acier-inoxydable","status":"publish","type":"page","link":"https:\/\/www.trefiladosurbano.com\/fr\/produits\/acier-inoxydable\/","title":{"rendered":"Acier inoxydable"},"content":{"rendered":"<div class=\"container-fluid fondo-verde text-center menu-productos\">\n<ul class=\"wow slideInRight\">\n<li><a href=\"https:\/\/www.trefiladosurbano.com\/fr\/produits\/acier-a-faible-carbone\/\">Acier \u00e2 faible carbone<\/a><\/li>\n<li><a href=\"https:\/\/www.trefiladosurbano.com\/fr\/produits\/acier-a-haute-teneur-en-carbone\/\"><strong>Acier \u00e0 haute teneur en carbone<\/strong><\/a><\/li>\n<\/ul>\n<\/div>\n<div class=\"container-fluid fondo-gris text-center menu-sub-productos\"><span class=\"d-block wow slideInLeft\"><div class=\"menu-acero-alto-carbono-fr-container\"><ul id=\"menu-acero-alto-carbono-fr\" class=\"menu\"><li id=\"menu-item-1505\" class=\"menu-item menu-item-type-post_type menu-item-object-page menu-item-1505\"><a href=\"https:\/\/www.trefiladosurbano.com\/fr\/produits\/acier-a-haute-teneur-en-carbone\/fil-galvanise\/\">Fil galvanis\u00e9<\/a><\/li>\n<li id=\"menu-item-1503\" class=\"menu-item menu-item-type-post_type menu-item-object-page menu-item-1503\"><a href=\"https:\/\/www.trefiladosurbano.com\/fr\/produits\/acier-a-haute-teneur-en-carbone\/fil-clair-brillant\/\">Fil clair brillant<\/a><\/li>\n<li id=\"menu-item-1504\" class=\"menu-item menu-item-type-post_type menu-item-object-page menu-item-1504\"><a href=\"https:\/\/www.trefiladosurbano.com\/fr\/produits\/acier-a-haute-teneur-en-carbone\/fil-coupe-en-tiges-de-fer-et-acier\/\">Fil coup\u00e9 en tiges de fer et acier<\/a><\/li>\n<li id=\"menu-item-1502\" class=\"menu-item menu-item-type-post_type menu-item-object-page menu-item-1502\"><a href=\"https:\/\/www.trefiladosurbano.com\/fr\/produits\/acier-a-haute-teneur-en-carbone\/cable-et-tresse-en-acier-galvanise\/\">Cable et tresse en acier galvanis\u00e9<\/a><\/li>\n<li id=\"menu-item-1506\" class=\"menu-item menu-item-type-post_type menu-item-object-page menu-item-1506\"><a href=\"https:\/\/www.trefiladosurbano.com\/fr\/produits\/acier-a-haute-teneur-en-carbone\/fil-urzinal-zinc-aluminium\/\">Fil urzinal (zinc + aluminium)<\/a><\/li>\n<li id=\"menu-item-22376\" class=\"menu-item menu-item-type-post_type menu-item-object-page menu-item-22376\"><a href=\"https:\/\/www.trefiladosurbano.com\/fr\/produits\/acier-inoxydable\/\">Acier inoxydable<\/a><\/li>\n<li id=\"menu-item-1501\" class=\"menu-item menu-item-type-post_type menu-item-object-page menu-item-1501\"><a href=\"https:\/\/www.trefiladosurbano.com\/fr\/produits\/acier-inoxydable\/\">Acier inoxydable<\/a><\/li>\n<\/ul><\/div><\/span><\/div>\n<div class=\"container-fluid py-5\">\n<h1 class=\"text-uppercase text-center wow fadeInUp\">Acier inoxydable<\/h1>\n<\/div>\n<section class=\"container-fluid\">\n<div class=\"row\">\n<div class=\"col-lg-2\">&nbsp;<\/div>\n<div class=\"col-lg-4\">\n<p class=\"text-left texto-semi-destacado wow slideInUp\">Le fil en acier inoxydable est le fer d&rsquo;alignement avec un minimum de 10,5% de chrome. Ses caract\u00e9ristiques sont obtenues par la formation d&rsquo;un film adh\u00e9rent et l&rsquo;oxyde de chrome invisible. L&rsquo;alliage est un acier inoxydable aust\u00e9nitique \u00e0 usage g\u00e9n\u00e9ral avec une structure cubique \u00e0 faces centr\u00e9es.<\/p>\n<\/div>\n<div class=\"col-lg-4\">\n<p class=\"text-left texto-semi-destacado wow slideInUp\">Il est essentiellement non magn\u00e9tique \u00e0 l&rsquo;\u00e9tat recuit et ne peut \u00eatre durci qu&rsquo;\u00e0 froid. Sa faible teneur en carbone par rapport \u00e0 l&rsquo;alliage donne une meilleure r\u00e9sistance \u00e0 la corrosion dans les structures soud\u00e9es.<\/p>\n<\/div>\n<\/div>\n<\/section>\n<section class=\"container-fluid my-5 fondo-blanco-gris\">\n<div class=\"row\">\n<div class=\"col-lg-7 p-4 p-lg-5 d-flex justify-content-center flex-column\">\n<h2 class=\"text-uppercase\"><strong>Demandes<\/strong><\/h2>\n<h3 class=\"mt-5 texto-verde\">Le fil d&rsquo;acier inoxydable peut \u00eatre utilis\u00e9 dans <strong>diverses industries<\/strong>:<\/h3>\n<div class=\"row\">\n<div class=\"col-md-6\">\n<ul class=\"text-left list-group list-group-flush\">\n<li class=\"list-group-item\"><i class=\"fa fa-check texto-verde\" aria-hidden=\"true\"><\/i> Grillage m\u00e9tallique tiss\u00e9<\/li>\n<li class=\"list-group-item\"><i class=\"fa fa-check texto-verde\" aria-hidden=\"true\"><\/i> Filtres<\/li>\n<li class=\"list-group-item\"><i class=\"fa fa-check texto-verde\" aria-hidden=\"true\"><\/i> C\u00e2bles<\/li>\n<li class=\"list-group-item\"><i class=\"fa fa-check texto-verde\" aria-hidden=\"true\"><\/i> C\u00e2bles et tresses en acier<\/li>\n<li class=\"list-group-item\"><i class=\"fa fa-check texto-verde\" aria-hidden=\"true\"><\/i> Construction de serres<\/li>\n<li class=\"list-group-item\"><i class=\"fa fa-check texto-verde\" aria-hidden=\"true\"><\/i> \u00c9quipement<\/li>\n<\/ul>\n<\/div>\n<div class=\"col-md-6\">\n<ul class=\"text-left list-group list-group-flush\">\n<li class=\"list-group-item\"><i class=\"fa fa-check texto-verde\" aria-hidden=\"true\"><\/i> Springs<\/li>\n<li class=\"list-group-item\"><i class=\"fa fa-check texto-verde\" aria-hidden=\"true\"><\/i> Crochets<\/li>\n<li class=\"list-group-item\"><i class=\"fa fa-check texto-verde\" aria-hidden=\"true\"><\/i> Industrie du papier et de la p\u00e2te \u00e0 papier<\/li>\n<li class=\"list-group-item\"><i class=\"fa fa-check texto-verde\" aria-hidden=\"true\"><\/i> Armoires de cuisine<\/li>\n<li class=\"list-group-item\"><i class=\"fa fa-check texto-verde\" aria-hidden=\"true\"><\/i> Paniers de nourriture<\/li>\n<\/ul>\n<\/div>\n<\/div>\n<\/div>\n<div class=\"col-lg-5 pr-0 d-flex justify-content-center flex-column wow slideInRight\">\n<p class=\"text-right\"><img  title=\"\" decoding=\"async\" class=\"alignnone size-full wp-image-1156 img-cover\" src=\"https:\/\/www.trefiladosurbano.com\/wp-content\/uploads\/2020\/06\/alto-gris.png\"  alt=\"Acier inoxydable - Trefilados Urbano\"  width=\"800\" height=\"638\" srcset=\"https:\/\/www.trefiladosurbano.com\/wp-content\/uploads\/2020\/06\/alto-gris.png 800w, https:\/\/www.trefiladosurbano.com\/wp-content\/uploads\/2020\/06\/alto-gris-300x239.png 300w, https:\/\/www.trefiladosurbano.com\/wp-content\/uploads\/2020\/06\/alto-gris-768x612.png 768w\" sizes=\"(max-width: 800px) 100vw, 800px\" \/><\/p>\n<\/div>\n<\/div>\n<\/section>\nngg_shortcode_0_placeholder\n<section class=\"container-fluid py-4 fondo-verde\">\n<div class=\"row\">\n<div class=\"col-lg-2\">&nbsp;<\/div>\n<div class=\"col-lg-8 wow slideInUp\">\n<p class=\"text-center texto-destacado texto-blanco m-0\">Si vous souhaitez plus d&rsquo;informations sur notre fil clair \u00e0 haute teneur en carbone, n&rsquo;h\u00e9sitez pas \u00e0 <a class=\"texto-blanco\" href=\"https:\/\/trefiladosurbano.fr\/contact\" target=\"_blank\" rel=\"noopener\"><strong>nous contacter<\/strong><\/a>. Nous serons heureux de vous aider.<\/p>\n<p class=\"text-center texto-destacado texto-blanco m-0\"><strong>Nous avons beaucoup \u00e0 vous offrir.<\/strong><\/p>\n<\/div>\n<\/div>\n<\/section>\n","protected":false},"excerpt":{"rendered":"<p>Acier \u00e2 faible carbone Acier \u00e0 haute teneur en carbone Acier inoxydable &nbsp; Le fil en acier inoxydable est le fer d&rsquo;alignement avec un minimum de 10,5% de chrome. Ses caract\u00e9ristiques sont obtenues par la formation d&rsquo;un film adh\u00e9rent et l&rsquo;oxyde de chrome invisible. L&rsquo;alliage est un acier inoxydable aust\u00e9nitique \u00e0 usage g\u00e9n\u00e9ral avec une<\/p>\n<a class=\"btn btn-primary read-more-button\" href=\"https:\/\/www.trefiladosurbano.com\/fr\/produits\/acier-inoxydable\/\">Leer m\u00e1s...<\/a>","protected":false},"author":6,"featured_media":0,"parent":1133,"menu_order":0,"comment_status":"closed","ping_status":"closed","template":"pages-templates\/empty-page.php","meta":{"_acf_changed":false,"ngg_post_thumbnail":0,"footnotes":""},"acf":[],"_links":{"self":[{"href":"https:\/\/www.trefiladosurbano.com\/fr\/wp-json\/wp\/v2\/pages\/1140"}],"collection":[{"href":"https:\/\/www.trefiladosurbano.com\/fr\/wp-json\/wp\/v2\/pages"}],"about":[{"href":"https:\/\/www.trefiladosurbano.com\/fr\/wp-json\/wp\/v2\/types\/page"}],"author":[{"embeddable":true,"href":"https:\/\/www.trefiladosurbano.com\/fr\/wp-json\/wp\/v2\/users\/6"}],"replies":[{"embeddable":true,"href":"https:\/\/www.trefiladosurbano.com\/fr\/wp-json\/wp\/v2\/comments?post=1140"}],"version-history":[{"count":5,"href":"https:\/\/www.trefiladosurbano.com\/fr\/wp-json\/wp\/v2\/pages\/1140\/revisions"}],"predecessor-version":[{"id":22394,"href":"https:\/\/www.trefiladosurbano.com\/fr\/wp-json\/wp\/v2\/pages\/1140\/revisions\/22394"}],"up":[{"embeddable":true,"href":"https:\/\/www.trefiladosurbano.com\/fr\/wp-json\/wp\/v2\/pages\/1133"}],"wp:attachment":[{"href":"https:\/\/www.trefiladosurbano.com\/fr\/wp-json\/wp\/v2\/media?parent=1140"}],"curies":[{"name":"wp","href":"https:\/\/api.w.org\/{rel}","templated":true}]}}