{"id":1164,"date":"2020-08-14T08:15:36","date_gmt":"2020-08-14T06:15:36","guid":{"rendered":"https:\/\/www.trefiladosurbano.com\/productos\/acero-alto-carbono\/alambre-urzinal-zinc-aluminio\/"},"modified":"2024-06-04T18:42:51","modified_gmt":"2024-06-04T16:42:51","slug":"fil-urzinal-zinc-aluminium","status":"publish","type":"page","link":"https:\/\/www.trefiladosurbano.com\/fr\/produits\/acier-a-haute-teneur-en-carbone\/fil-urzinal-zinc-aluminium\/","title":{"rendered":"Fil urzinal (zinc + aluminium)"},"content":{"rendered":"<div class=\"container-fluid fondo-verde text-center menu-productos\">\n<ul class=\"wow slideInRight\">\n<li><a href=\"https:\/\/www.trefiladosurbano.com\/fr\/produits\/acier-a-faible-carbone\/\">Acier \u00e2 faible carbone<\/a><\/li>\n<li><a href=\"https:\/\/www.trefiladosurbano.com\/fr\/produits\/acier-a-haute-teneur-en-carbone\/\"><strong>Acier \u00e0 haute teneur en carbone<\/strong><\/a><\/li>\n<\/ul>\n<\/div>\n<div class=\"container-fluid fondo-gris text-center menu-sub-productos\">\n<div class=\"container-fluid fondo-gris text-center menu-sub-productos\"><span class=\"d-block wow slideInLeft\"><div class=\"menu-acero-alto-carbono-fr-container\"><ul id=\"menu-acero-alto-carbono-fr\" class=\"menu\"><li id=\"menu-item-1505\" class=\"menu-item menu-item-type-post_type menu-item-object-page menu-item-1505\"><a href=\"https:\/\/www.trefiladosurbano.com\/fr\/produits\/acier-a-haute-teneur-en-carbone\/fil-galvanise\/\">Fil galvanis\u00e9<\/a><\/li>\n<li id=\"menu-item-1503\" class=\"menu-item menu-item-type-post_type menu-item-object-page menu-item-1503\"><a href=\"https:\/\/www.trefiladosurbano.com\/fr\/produits\/acier-a-haute-teneur-en-carbone\/fil-clair-brillant\/\">Fil clair brillant<\/a><\/li>\n<li id=\"menu-item-1504\" class=\"menu-item menu-item-type-post_type menu-item-object-page menu-item-1504\"><a href=\"https:\/\/www.trefiladosurbano.com\/fr\/produits\/acier-a-haute-teneur-en-carbone\/fil-coupe-en-tiges-de-fer-et-acier\/\">Fil coup\u00e9 en tiges de fer et acier<\/a><\/li>\n<li id=\"menu-item-1502\" class=\"menu-item menu-item-type-post_type menu-item-object-page menu-item-1502\"><a href=\"https:\/\/www.trefiladosurbano.com\/fr\/produits\/acier-a-haute-teneur-en-carbone\/cable-et-tresse-en-acier-galvanise\/\">Cable et tresse en acier galvanis\u00e9<\/a><\/li>\n<li id=\"menu-item-1506\" class=\"menu-item menu-item-type-post_type menu-item-object-page menu-item-1506\"><a href=\"https:\/\/www.trefiladosurbano.com\/fr\/produits\/acier-a-haute-teneur-en-carbone\/fil-urzinal-zinc-aluminium\/\">Fil urzinal (zinc + aluminium)<\/a><\/li>\n<li id=\"menu-item-22376\" class=\"menu-item menu-item-type-post_type menu-item-object-page menu-item-22376\"><a href=\"https:\/\/www.trefiladosurbano.com\/fr\/produits\/acier-inoxydable\/\">Acier inoxydable<\/a><\/li>\n<li id=\"menu-item-1501\" class=\"menu-item menu-item-type-post_type menu-item-object-page menu-item-1501\"><a href=\"https:\/\/www.trefiladosurbano.com\/fr\/produits\/acier-inoxydable\/\">Acier inoxydable<\/a><\/li>\n<\/ul><\/div><\/span><\/div>\n<\/div>\n<div class=\"container-fluid py-5\">\n<h1 class=\"text-uppercase text-center wow fadeInUp\">Fil urzinal (zinc + aluminium)<\/h1>\n<\/div>\n<section class=\"container-fluid\">\n<div class=\"row\">\n<div class=\"col-lg-2\">&nbsp;<\/div>\n<div class=\"col-lg-4\">\n<p class=\"text-left texto-destacado wow slideInUp\">URZINAL est un alliage de zinc de haute puret\u00e9 contenant 5 ou 10 % d&rsquo;aluminium et des ajouts de terres rares. La r\u00e9sistance \u00e0 la corrosion fournie par cet alliage est beaucoup plus \u00e9lev\u00e9e que celle obtenue avec du zinc pur provenant de la galvanisation traditionnelle. La composition (95% Zn) et (5% ou 10% Al) n&rsquo;est pas accidentelle:<\/p>\n<\/div>\n<div class=\"col-lg-4\">\n<p class=\"text-left texto-destacado wow slideInUp\">correspond \u00e0 un eutectique (point de fusion minimum des diff\u00e9rents alliages possibles). La structure microcristalline de la couche de couverture dans la galvanisation \u00ab\u00a0renforc\u00e9e\u00a0\u00bb du zinc pur a une disposition en feuille ou en aiguille.<\/p>\n<\/div>\n<\/div>\n<\/section>\n<section class=\"container-fluid my-5 fondo-blanco-gris\">\n<div class=\"row\">\n<div class=\"col-lg-7 p-4 p-lg-5 d-flex justify-content-center flex-column\">\n<h2 class=\"text-uppercase\">Le fil <strong>le plus r\u00e9sistant \u00e0 la corrosion<\/strong><\/h2>\n<p class=\"text-left\">URZINAL a une microstructure beaucoup plus fine et moins orient\u00e9e, avec un m\u00e9lange parfait des microcristaux des deux m\u00e9taux. Il pr\u00e9sente donc une porosit\u00e9 plus faible, une meilleure uniformit\u00e9 contre l&rsquo;oxydation et par cons\u00e9quent une plus grande r\u00e9sistance \u00e0 la corrosion. L&rsquo;aluminium est un m\u00e9tal plus \u00e9lectropositif que le zinc. Le temps de corrosion est donc plus long.<\/p>\n<p class=\"text-left\">Le zinc (un m\u00e9tal moins noble, plus oxydable) a l&rsquo;avantage d&rsquo;offrir une protection galvanique (\u00e9lectrochimique) \u00e0 l&rsquo;acier: il prot\u00e8ge m\u00eame les zones non rev\u00eatues qui en sont proches. L&rsquo;union de ces deux m\u00e9taux permet d&rsquo;obtenir la somme des deux effets qui se renforcent mutuellement: la meilleure r\u00e9sistance \u00e0 la corrosion de l&rsquo;aluminium et la protection galvanique sup\u00e9rieure du zinc.<\/p>\n<p><span class=\"mt-3\"><br \/>\n[expand title=\u00a0\u00bbEn savoir plus&#8230;\u00a0\u00bb]<\/span><\/p>\n<p class=\"text-left\">Lors de la r\u00e9action avec l&rsquo;oxyg\u00e8ne (oxydation), des cristaux d&rsquo;oxyde de zinc et d&rsquo;aluminium se forment. Ces derniers sont beaucoup plus compacts et stables. La simple observation de l&rsquo;oxyde de zinc blanc (sous forme de poudre) par opposition \u00e0 l&rsquo;oxyde d&rsquo;aluminium plus compact permet de comprendre l&rsquo;action passive offerte par l&rsquo;alliage URZINAL. Le pourcentage d&rsquo;aluminium sur la surface ext\u00e9rieure du rev\u00eatement augmente tout au long de la vie du produit et avec lui, l&rsquo;effet de passivation. La ductilit\u00e9 de l&rsquo;alliage URZINAL est tr\u00e8s \u00e9lev\u00e9e.<\/p>\n<p class=\"text-left\">Les tests d&rsquo;adh\u00e9rence sont imbattables, sans \u00e9caillage ni d\u00e9tachement du rev\u00eatement dans les tests de torsion du fil. Toute cette justification th\u00e9orique a son c\u00f4t\u00e9 exp\u00e9rimental. Il est possible de prouver que les rev\u00eatements en alliage URZINAL offrent une meilleure r\u00e9sistance \u00e0 la corrosion gr\u00e2ce \u00e0 des tests qualitatifs et quantitatifs dans diff\u00e9rents environnements corrosifs.<\/p>\n<p class=\"text-left\">2 points: rev\u00eatement normal Zinc + Aluminium, deuxi\u00e8me point : triple rev\u00eatement Zinc + Aluminium<\/p>\n<p>[\/expand]<\/p>\n<\/div>\n<div class=\"col-lg-5 pr-0 d-flex justify-content-center flex-column wow slideInRight\">\n<p class=\"text-right\"><img  title=\"\" decoding=\"async\" class=\"alignnone size-full wp-image-1212 img-cover\" src=\"https:\/\/www.trefiladosurbano.com\/wp-content\/uploads\/2020\/06\/bajo-carbono-urzinal-img-1.png\"  alt=\"Fil urzinal (zinc + aluminium) - Trefilados Urbano\"  width=\"1200\" height=\"914\" srcset=\"https:\/\/www.trefiladosurbano.com\/wp-content\/uploads\/2020\/06\/bajo-carbono-urzinal-img-1.png 1200w, https:\/\/www.trefiladosurbano.com\/wp-content\/uploads\/2020\/06\/bajo-carbono-urzinal-img-1-300x229.png 300w, https:\/\/www.trefiladosurbano.com\/wp-content\/uploads\/2020\/06\/bajo-carbono-urzinal-img-1-1024x780.png 1024w, https:\/\/www.trefiladosurbano.com\/wp-content\/uploads\/2020\/06\/bajo-carbono-urzinal-img-1-768x585.png 768w\" sizes=\"(max-width: 1200px) 100vw, 1200px\" \/><\/p>\n<\/div>\n<\/div>\n<\/section>\n<section class=\"container-fluid py-5\">\n<div class=\"row\">\n<div class=\"col-lg-1\">&nbsp;<\/div>\n<div class=\"col-lg-3\">\n<h2 class=\"text-right text-uppercase borde-derecha-titulo wow slideInLeft\">Une grande vari\u00e9t\u00e9 de formats de <strong>fils urzinal<\/strong><\/h2>\n<\/div>\n<div class=\"col-lg-7\">\n<div class=\"row\">\n<div class=\"col-lg-6 mb-4\">\n<h3 class=\"texto-verde texto-destacado mb-3\">Avantages de l&rsquo;Urzinal:<\/h3>\n<ul class=\"text-left list-group list-group-flush\">\n<li class=\"list-group-item\"><i class=\"fa fa-check texto-verde\" aria-hidden=\"true\"><\/i> Installation facile et \u00e9conomique.<\/li>\n<li class=\"list-group-item\"><i class=\"fa fa-check texto-verde\" aria-hidden=\"true\"><\/i> Durabilit\u00e9 et forme stable. Les fils galvanis\u00e9s \u00e0 triple couche avec lesquels ils sont fabriqu\u00e9s garantissent une grande r\u00e9sistance \u00e0 la corrosion. Parfaite adh\u00e9rence et concentricit\u00e9 du rev\u00eatement Zinc+Aluminium.<\/li>\n<li class=\"list-group-item\"><i class=\"fa fa-check texto-verde\" aria-hidden=\"true\"><\/i> Excellent rapport co\u00fbt\/b\u00e9n\u00e9fice.<\/li>\n<li class=\"list-group-item\"><i class=\"fa fa-check texto-verde\" aria-hidden=\"true\"><\/i> Des structures agr\u00e9ables, int\u00e9gr\u00e9es \u00e0 leur environnement et ayant un faible impact sur l&rsquo;environnement.<\/li>\n<li class=\"list-group-item\"><i class=\"fa fa-check texto-verde\" aria-hidden=\"true\"><\/i> Polyvalent.<\/li>\n<\/ul>\n<\/div>\n<div class=\"col-lg-6\">\n<h3 class=\"texto-verde texto-destacado mb-3\">Formats de fil de fer urzinal:<\/h3>\n<ul class=\"text-left list-group list-group-flush\">\n<li class=\"list-group-item\"><i class=\"fa fa-check texto-verde\" aria-hidden=\"true\"><\/i> Fil Urzinal Acier \u00e0 haute teneur en carbone<\/li>\n<li class=\"list-group-item\"><i class=\"fa fa-check texto-verde\" aria-hidden=\"true\"><\/i> Fil Urzinal faible teneur en carbone<\/li>\n<li class=\"list-group-item\"><i class=\"fa fa-check texto-verde\" aria-hidden=\"true\"><\/i> C\u00e2bles d&rsquo;acier et tress\u00e9s Urzinal zinc + aluminium<\/li>\n<li class=\"list-group-item\"><i class=\"fa fa-check texto-verde\" aria-hidden=\"true\"><\/i> Crampillon harpon et lisse Urzinal<\/li>\n<li class=\"list-group-item\"><i class=\"fa fa-check texto-verde\" aria-hidden=\"true\"><\/i> Crampillon harpon Urzinal J<\/li>\n<\/ul>\n<\/div>\n<\/div>\n<\/div>\n<\/div>\n<\/section>\nngg_shortcode_0_placeholder\n<section class=\"container-fluid py-4 fondo-verde\">\n<div class=\"row\">\n<div class=\"col-lg-2\">&nbsp;<\/div>\n<div class=\"col-lg-8 wow slideInUp\">\n<p class=\"text-center texto-destacado texto-blanco m-0\">N&rsquo;h\u00e9sitez pas \u00e0 <a class=\"texto-blanco\" href=\"https:\/\/trefiladosurbano.fr\/contact\" target=\"_blank\" rel=\"noopener\"><strong>nous contacter<\/strong><\/a> pour de plus amples informations et possibilit\u00e9s.<\/p>\n<\/div>\n<\/div>\n<\/section>\n","protected":false},"excerpt":{"rendered":"<p>Acier \u00e2 faible carbone Acier \u00e0 haute teneur en carbone Fil urzinal (zinc + aluminium) &nbsp; URZINAL est un alliage de zinc de haute puret\u00e9 contenant 5 ou 10 % d&rsquo;aluminium et des ajouts de terres rares. La r\u00e9sistance \u00e0 la corrosion fournie par cet alliage est beaucoup plus \u00e9lev\u00e9e que celle obtenue avec du<\/p>\n<a class=\"btn btn-primary read-more-button\" href=\"https:\/\/www.trefiladosurbano.com\/fr\/produits\/acier-a-haute-teneur-en-carbone\/fil-urzinal-zinc-aluminium\/\">Leer m\u00e1s...<\/a>","protected":false},"author":6,"featured_media":0,"parent":1137,"menu_order":0,"comment_status":"closed","ping_status":"closed","template":"pages-templates\/empty-page.php","meta":{"_acf_changed":false,"ngg_post_thumbnail":0,"footnotes":""},"acf":[],"_links":{"self":[{"href":"https:\/\/www.trefiladosurbano.com\/fr\/wp-json\/wp\/v2\/pages\/1164"}],"collection":[{"href":"https:\/\/www.trefiladosurbano.com\/fr\/wp-json\/wp\/v2\/pages"}],"about":[{"href":"https:\/\/www.trefiladosurbano.com\/fr\/wp-json\/wp\/v2\/types\/page"}],"author":[{"embeddable":true,"href":"https:\/\/www.trefiladosurbano.com\/fr\/wp-json\/wp\/v2\/users\/6"}],"replies":[{"embeddable":true,"href":"https:\/\/www.trefiladosurbano.com\/fr\/wp-json\/wp\/v2\/comments?post=1164"}],"version-history":[{"count":5,"href":"https:\/\/www.trefiladosurbano.com\/fr\/wp-json\/wp\/v2\/pages\/1164\/revisions"}],"predecessor-version":[{"id":22393,"href":"https:\/\/www.trefiladosurbano.com\/fr\/wp-json\/wp\/v2\/pages\/1164\/revisions\/22393"}],"up":[{"embeddable":true,"href":"https:\/\/www.trefiladosurbano.com\/fr\/wp-json\/wp\/v2\/pages\/1137"}],"wp:attachment":[{"href":"https:\/\/www.trefiladosurbano.com\/fr\/wp-json\/wp\/v2\/media?parent=1164"}],"curies":[{"name":"wp","href":"https:\/\/api.w.org\/{rel}","templated":true}]}}