{"id":1166,"date":"2020-04-17T14:42:25","date_gmt":"2020-04-17T12:42:25","guid":{"rendered":"https:\/\/www.trefiladosurbano.com\/productos\/acero-alto-carbono\/trenza-y-cordon-de-acero-galvanizado\/"},"modified":"2024-06-04T18:39:54","modified_gmt":"2024-06-04T16:39:54","slug":"cable-et-tresse-en-acier-galvanise","status":"publish","type":"page","link":"https:\/\/www.trefiladosurbano.com\/fr\/produits\/acier-a-haute-teneur-en-carbone\/cable-et-tresse-en-acier-galvanise\/","title":{"rendered":"Cable et tresse en acier galvanis\u00e9"},"content":{"rendered":"<div class=\"container-fluid fondo-verde text-center menu-productos\">\n<ul class=\"wow slideInRight\">\n<li><a href=\"https:\/\/www.trefiladosurbano.com\/fr\/produits\/acier-a-faible-carbone\/\">Acier \u00e2 faible carbone<\/a><\/li>\n<li><a href=\"https:\/\/www.trefiladosurbano.com\/fr\/produits\/acier-a-haute-teneur-en-carbone\/\"><strong>Acier \u00e0 haute teneur en carbone<\/strong><\/a><\/li>\n<\/ul>\n<\/div>\n<div class=\"container-fluid fondo-gris text-center menu-sub-productos\"><span class=\"d-block wow slideInLeft\"><div class=\"menu-acero-alto-carbono-fr-container\"><ul id=\"menu-acero-alto-carbono-fr\" class=\"menu\"><li id=\"menu-item-1505\" class=\"menu-item menu-item-type-post_type menu-item-object-page menu-item-1505\"><a href=\"https:\/\/www.trefiladosurbano.com\/fr\/produits\/acier-a-haute-teneur-en-carbone\/fil-galvanise\/\">Fil galvanis\u00e9<\/a><\/li>\n<li id=\"menu-item-1503\" class=\"menu-item menu-item-type-post_type menu-item-object-page menu-item-1503\"><a href=\"https:\/\/www.trefiladosurbano.com\/fr\/produits\/acier-a-haute-teneur-en-carbone\/fil-clair-brillant\/\">Fil clair brillant<\/a><\/li>\n<li id=\"menu-item-1504\" class=\"menu-item menu-item-type-post_type menu-item-object-page menu-item-1504\"><a href=\"https:\/\/www.trefiladosurbano.com\/fr\/produits\/acier-a-haute-teneur-en-carbone\/fil-coupe-en-tiges-de-fer-et-acier\/\">Fil coup\u00e9 en tiges de fer et acier<\/a><\/li>\n<li id=\"menu-item-1502\" class=\"menu-item menu-item-type-post_type menu-item-object-page menu-item-1502\"><a href=\"https:\/\/www.trefiladosurbano.com\/fr\/produits\/acier-a-haute-teneur-en-carbone\/cable-et-tresse-en-acier-galvanise\/\">Cable et tresse en acier galvanis\u00e9<\/a><\/li>\n<li id=\"menu-item-1506\" class=\"menu-item menu-item-type-post_type menu-item-object-page menu-item-1506\"><a href=\"https:\/\/www.trefiladosurbano.com\/fr\/produits\/acier-a-haute-teneur-en-carbone\/fil-urzinal-zinc-aluminium\/\">Fil urzinal (zinc + aluminium)<\/a><\/li>\n<li id=\"menu-item-22376\" class=\"menu-item menu-item-type-post_type menu-item-object-page menu-item-22376\"><a href=\"https:\/\/www.trefiladosurbano.com\/fr\/produits\/acier-inoxydable\/\">Acier inoxydable<\/a><\/li>\n<li id=\"menu-item-1501\" class=\"menu-item menu-item-type-post_type menu-item-object-page menu-item-1501\"><a href=\"https:\/\/www.trefiladosurbano.com\/fr\/produits\/acier-inoxydable\/\">Acier inoxydable<\/a><\/li>\n<\/ul><\/div><\/span><\/div>\n<div class=\"container-fluid py-5\">\n<h1 class=\"text-uppercase text-center wow fadeInUp\">Cable et tresse en acier galvanis\u00e9<\/h1>\n<\/div>\n<section class=\"container-fluid\">\n<div class=\"row\">\n<div class=\"col-lg-2\">&nbsp;<\/div>\n<div class=\"col-lg-8\">\n<p class=\"text-center texto-destacado wow slideInUp\">Le cable et le tresse de fil galvanis\u00e9 sont des produits qui sont principalement utilis\u00e9s pour r\u00e9pondre aux segments critiques qui n\u00e9cessitent des fils de s\u00e9curit\u00e9 et de protection maximums. C&rsquo;est le cas de la fabrication de lignes \u00e9lectriques, de c\u00e2bles en acier pour les ascenseurs, d&rsquo;\u00e9l\u00e9ments de mobilit\u00e9 pour les cages, de solutions pour les grues, ainsi que de tirants pour les structures \u00e9oliennes, entre autres.<\/p>\n<\/div>\n<\/div>\n<\/section>\n<section class=\"container-fluid my-5 fondo-blanco-gris\">\n<div class=\"row\">\n<div class=\"col-lg-7 p-4 p-lg-5 d-flex justify-content-center flex-column\">\n<h2 class=\"text-uppercase\">Fils de <strong>garantie maximale<\/strong> pour les situations extr\u00eames<\/h2>\n<p class=\"text-left\">Cependant, la tresse et le c\u00e2ble d&rsquo;acier galvanis\u00e9 sont des \u00e9l\u00e9ments qui proviennent du fil machine initial et qui, apr\u00e8s un processus rigoureux d&rsquo;\u00e9laboration, acqui\u00e8rent, gr\u00e2ce au traitement de l&rsquo;acier \u00e0 haute teneur en carbone, une grande r\u00e9sistance et durabilit\u00e9. Les aspects cl\u00e9s qui garantissent leur efficacit\u00e9.<\/p>\n<p class=\"text-left\">D&rsquo;autre part, ils passent par le processus de galvanisation pour donner une plus grande r\u00e9sistance au mat\u00e9riau afin de faire face \u00e0 des conditions extr\u00eames de temp\u00e9rature, d&rsquo;humidit\u00e9, de r\u00e9sistance, etc. Nous avons donc affaire \u00e0 deux produits de haute qualit\u00e9 et de garantie.<\/p>\n<\/div>\n<div class=\"col-lg-5 pr-0 d-flex justify-content-center flex-column wow slideInRight\">\n<p class=\"text-right\"><img  title=\"\" decoding=\"async\" class=\"alignnone size-full wp-image-1239 img-cover\" src=\"https:\/\/www.trefiladosurbano.com\/wp-content\/uploads\/2020\/06\/alto-trenza.png\"  alt=\"Cable et tresse en acier galvanis\u00e9 - Trefilados Urbano\"  width=\"930\" height=\"931\" srcset=\"https:\/\/www.trefiladosurbano.com\/wp-content\/uploads\/2020\/06\/alto-trenza.png 930w, https:\/\/www.trefiladosurbano.com\/wp-content\/uploads\/2020\/06\/alto-trenza-300x300.png 300w, https:\/\/www.trefiladosurbano.com\/wp-content\/uploads\/2020\/06\/alto-trenza-150x150.png 150w, https:\/\/www.trefiladosurbano.com\/wp-content\/uploads\/2020\/06\/alto-trenza-768x769.png 768w, https:\/\/www.trefiladosurbano.com\/wp-content\/uploads\/2020\/06\/alto-trenza-825x825.png 825w\" sizes=\"(max-width: 930px) 100vw, 930px\" \/><\/p>\n<\/div>\n<\/div>\n<\/section>\n<section class=\"container-fluid py-5\">\n<div class=\"row\">\n<div class=\"col-lg-1\">&nbsp;<\/div>\n<div class=\"col-lg-3\">\n<h2 class=\"text-right text-uppercase borde-derecha-titulo wow slideInLeft\">Mesures et des solutions <strong>adapt\u00e9es \u00e0 chaque client<\/strong><\/h2>\n<\/div>\n<div class=\"col-lg-7\">\n<div class=\"row\">\n<div class=\"col-lg-12\">\n<p class=\"text-left texto-semi-destacado\">\u00c0 Trefilados Urbano, nous fabriquons des tresses et des c\u00e2bles en acier galvanis\u00e9 selon les besoins du consommateur:<\/p>\n<ul class=\"text-left list-group list-group-flush\">\n<li class=\"list-group-item\"><i class=\"fa fa-check texto-verde\" aria-hidden=\"true\"><\/i> C\u00e2bles d&rsquo;acier galvanis\u00e9 \u00e0 triple armature ainsi que d&rsquo;autres rev\u00eatements en zinc-aluminium, en acier inoxydable ou en r\u00e9sine polym\u00e8re dans des couleurs dont le diam\u00e8tre varie entre 4 millim\u00e8tres (mm) et 10 mm.<\/li>\n<li class=\"list-group-item\"><i class=\"fa fa-check texto-verde\" aria-hidden=\"true\"><\/i> Tresse en acier triple galvanis\u00e9 renforc\u00e9 ainsi que d&rsquo;autres rev\u00eatements en zinc, aluminium, acier inoxydable ou r\u00e9sine polym\u00e8re dans des couleurs allant de 5 mm \u00e0 8 mm de diam\u00e8tre.<\/li>\n<\/ul>\n<p>&nbsp;<\/p>\n<p class=\"text-left texto-semi-destacado\">Les deux solutions peuvent \u00eatre pr\u00e9sent\u00e9es en rouleaux ou en touret de bois selon les besoins du client.<\/p>\n<\/div>\n<\/div>\n<\/div>\n<\/div>\n<\/section>\nngg_shortcode_0_placeholder\n<section class=\"container-fluid py-4 fondo-verde\">\n<div class=\"row\">\n<div class=\"col-lg-2\">&nbsp;<\/div>\n<div class=\"col-lg-8 wow slideInUp\">\n<p class=\"text-center texto-destacado texto-blanco m-0\">Les deux solutions peuvent \u00eatre pr\u00e9sent\u00e9es en rouleaux ou en touret de bois selon les besoins du client. <a class=\"texto-blanco\" href=\"https:\/\/trefiladosurbano.fr\/contact\" target=\"_blank\" rel=\"noopener\"><strong> nous contacter.<\/strong><\/a> Nous serons heureux de vous aider et de r\u00e9pondre \u00e0 toutes vos questions.<\/p>\n<\/div>\n<\/div>\n<\/section>\n","protected":false},"excerpt":{"rendered":"<p>Acier \u00e2 faible carbone Acier \u00e0 haute teneur en carbone Cable et tresse en acier galvanis\u00e9 &nbsp; Le cable et le tresse de fil galvanis\u00e9 sont des produits qui sont principalement utilis\u00e9s pour r\u00e9pondre aux segments critiques qui n\u00e9cessitent des fils de s\u00e9curit\u00e9 et de protection maximums. C&rsquo;est le cas de la fabrication de lignes<\/p>\n<a class=\"btn btn-primary read-more-button\" href=\"https:\/\/www.trefiladosurbano.com\/fr\/produits\/acier-a-haute-teneur-en-carbone\/cable-et-tresse-en-acier-galvanise\/\">Leer m\u00e1s...<\/a>","protected":false},"author":6,"featured_media":0,"parent":1137,"menu_order":0,"comment_status":"closed","ping_status":"closed","template":"pages-templates\/empty-page.php","meta":{"_acf_changed":false,"ngg_post_thumbnail":0,"footnotes":""},"acf":[],"_links":{"self":[{"href":"https:\/\/www.trefiladosurbano.com\/fr\/wp-json\/wp\/v2\/pages\/1166"}],"collection":[{"href":"https:\/\/www.trefiladosurbano.com\/fr\/wp-json\/wp\/v2\/pages"}],"about":[{"href":"https:\/\/www.trefiladosurbano.com\/fr\/wp-json\/wp\/v2\/types\/page"}],"author":[{"embeddable":true,"href":"https:\/\/www.trefiladosurbano.com\/fr\/wp-json\/wp\/v2\/users\/6"}],"replies":[{"embeddable":true,"href":"https:\/\/www.trefiladosurbano.com\/fr\/wp-json\/wp\/v2\/comments?post=1166"}],"version-history":[{"count":5,"href":"https:\/\/www.trefiladosurbano.com\/fr\/wp-json\/wp\/v2\/pages\/1166\/revisions"}],"predecessor-version":[{"id":22392,"href":"https:\/\/www.trefiladosurbano.com\/fr\/wp-json\/wp\/v2\/pages\/1166\/revisions\/22392"}],"up":[{"embeddable":true,"href":"https:\/\/www.trefiladosurbano.com\/fr\/wp-json\/wp\/v2\/pages\/1137"}],"wp:attachment":[{"href":"https:\/\/www.trefiladosurbano.com\/fr\/wp-json\/wp\/v2\/media?parent=1166"}],"curies":[{"name":"wp","href":"https:\/\/api.w.org\/{rel}","templated":true}]}}