{"id":22683,"date":"2024-12-30T10:08:34","date_gmt":"2024-12-30T09:08:34","guid":{"rendered":"https:\/\/www.trefiladosurbano.com\/?page_id=22683"},"modified":"2025-02-12T11:19:48","modified_gmt":"2025-02-12T10:19:48","slug":"trefilage-et-de-galvanisation-de-acier-en-belgique","status":"publish","type":"page","link":"https:\/\/www.trefiladosurbano.com\/fr\/trefilage-et-de-galvanisation-de-acier-en-belgique\/","title":{"rendered":"Tr\u00e9filage et de galvanisation de l\u00b4acier en Belgique"},"content":{"rendered":"\n<div style=\"height:26px\" aria-hidden=\"true\" class=\"wp-block-spacer\"><\/div>\n\n\n  <div class=\"bloque_seo white\" style=\"\">\n    <div class=\"content container\">\n              <div class=\"titulo\">\n          <h1 style=\"text-align: center;\">Tr\u00e9filage et de galvanisation de l\u00b4acier en Belgique<\/h1>\n        <\/div>\n                          <div class=\"texto\">\n          <p style=\"text-align: center;\"><strong>Trefilados Urbano : Experts en tr\u00e9filage et galvanisation en Belgique<\/strong><br \/>\nChez <strong>Trefilados Urbano<\/strong>, nous nous distinguons comme une entreprise de r\u00e9f\u00e9rence dans le secteur du tr\u00e9filage et de la galvanisation en Belgique. Forts de plus de dix ans d&rsquo;exp\u00e9rience, nous avons \u00e9tabli des standards d&rsquo;excellence en proposant des produits qui d\u00e9passent les attentes de nos clients en termes de qualit\u00e9 et de durabilit\u00e9.<\/p>\n        <\/div>\n                  <div class=\"seoclosed\">\n              <\/div>\n    <\/div>\n  <\/div>\n  <script>\n    jQuery(document).ready(function() {\n\n      if (jQuery(\".bloque_seo\").length > 0) {\n        jQuery(\".bloque_seo .open\").on(\"click\", function() {\n          jQuery(this).parent().find(\".seoclosed\").toggleClass(\"closed\");\n          jQuery(this).toggleClass(\"change\");\n        });\n        jQuery(window).scroll(function() {\n          if (jQuery(this).scrollTop() > 50) {\n            if (!jQuery(\".bloque_seo\").hasClass(\"toggled\")) {\n              jQuery(\".bloque_seo\").addClass(\"toggled\");\n              jQuery(\".bloque_seo .seoclosed\").toggleClass(\"closed\");\n            }\n          }\n        });\n      }\n    });\n  <\/script>\n\n\n\n<div style=\"height:50px\" aria-hidden=\"true\" class=\"wp-block-spacer\"><\/div>\n\n\n  <style>\n  .texto_imagen {\n  width: 100%;\n  display: flex;\n  flex-wrap: wrap;\n  justify-content: center;\n  position: relative;\n  height: auto;\n  background: #f4f4f4; }\n  .texto_imagen .btn.absolute {\n    position: absolute;\n    bottom: -35px;\n    z-index: 9;\n    font-size: 28px;\n    line-height: 28px; }\n  .texto_imagen .texto {\n    width: 50%;\n    display: flex;\n    flex-wrap: wrap;\n    text-align: left;\n    padding: 85px 115px; }\n    .texto_imagen .texto .titulo, .texto_imagen .texto .titulo h1, .texto_imagen .texto .titulo h2, .texto_imagen .texto .titulo h3, .texto_imagen .texto .titulo h4 {\n      font-size: 44px;\n      line-height: 44px;\n      font-weight: 700;\n      color: #0d1733; }\n    .texto_imagen .texto .enlace {\n      margin-top: 10px; }\n    .texto_imagen .texto a {\n      border-radius: 22px;\n      background: #0d1733;\n      color: #FFFFFF;\n      transition: all .1s linear;\n      border: 1px solid #0d1733;\n      font-size: 22px;\n      line-height: 22px;\n      font-weight: 400;\n      padding: 10px 25px;\n      display: inline-block; }\n      .texto_imagen .texto a:hover {\n        background: #FFFFFF;\n        color: #0d1733; }\n  .texto_imagen .imagen {\n    width: 50%;\n    position: relative;\n    height: auto;\n    display: flex; }\n    .texto_imagen .imagen img {\n      width: 100%;\n      height: 100%;\n      object-fit: cover; }\n\n.texto_imagen.inv .imagen {\n  order: 2; }\n\n#contacto .formulario.texto_imagen {\n  margin: 50px 0; }\n\n.cuadrada.texto_imagen {\n  min-height: 500px;\n  height: auto;\n  margin: 100px auto;\n  background: #FFFFFF;\n  align-items: center;\n  padding: 0 20px; }\n  .cuadrada.texto_imagen .texto ul {\n    padding-left: 40px;\n    list-style: none; }\n    .cuadrada.texto_imagen .texto ul li {\n      position: relative;\n      margin-bottom: 30px; }\n      .cuadrada.texto_imagen .texto ul li::before {\n        content: \"\";\n        position: absolute;\n        width: 30px;\n        height: 30px;\n        border-radius: 50%;\n        left: -40px; }\n      .cuadrada.texto_imagen .texto ul li:nth-child(odd)::before {\n        background: #0d1733; }\n      .cuadrada.texto_imagen .texto ul li:nth-child(even)::before {\n        background: #dedede; }\n  .cuadrada.texto_imagen.inv .texto {\n    padding: 0;\n    max-width: 615px;\n    padding-right: 50px; }\n  .cuadrada.texto_imagen:not(.inv) .texto {\n    padding: 0;\n    max-width: 615px;\n    padding-left: 50px; }\n  .cuadrada.texto_imagen:not(.inv) .imagen {\n    text-align: right;\n    justify-content: flex-end; }\n  .cuadrada.texto_imagen .imagen {\n    height: auto;\n    max-width: 615px; }\n    .cuadrada.texto_imagen .imagen img {\n      max-width: 615px;\n      width: 100%;\n      height: 615px;\n      object-fit: cover;\n      border-radius: 50px; }\n  <\/style>\n  <div class=\"texto_imagen \">\n    <div class=\"imagen\">\n      <img  title=\"\" decoding=\"async\" class=\"\" src=\"https:\/\/www.trefiladosurbano.com\/wp-content\/uploads\/2020\/03\/cabecera-contacto.jpg\"  alt=\"Tr\u00e9filage et de galvanisation de l\u00b4acier en Belgique - Trefilados Urbano\"  \/>\n    <\/div>\n    <div class=\"texto\">\n      <div class=\"titulo\">\n        <h2>Acier \u00e2 faible carbone en Belgique<\/h2>      <\/div>\n      <p>Les fils d\u2019acier \u00e0 faible teneur en carbone sont ceux qui se caract\u00e9risent par une plus grande souplesse et une plus grande facilit\u00e9 de travail que les fils \u00e0 forte teneur en carbone. Ils ont une plus faible quantit\u00e9 de carbone. Cela est n\u00e9cessaire pour les rendre plus g\u00e9rables et pour faciliter leur adaptation aux diff\u00e9rentes fonctions. Dans Trefilados Urbano, nous avons une grande vari\u00e9t\u00e9 d\u2019options, n\u2019attendez pas de les conna\u00eetre.<\/p>\n          <\/div>\n  <\/div>\n  \n\n  <style>\n  .texto_imagen {\n  width: 100%;\n  display: flex;\n  flex-wrap: wrap;\n  justify-content: center;\n  position: relative;\n  height: auto;\n  background: #f4f4f4; }\n  .texto_imagen .btn.absolute {\n    position: absolute;\n    bottom: -35px;\n    z-index: 9;\n    font-size: 28px;\n    line-height: 28px; }\n  .texto_imagen .texto {\n    width: 50%;\n    display: flex;\n    flex-wrap: wrap;\n    text-align: left;\n    padding: 85px 115px; }\n    .texto_imagen .texto .titulo, .texto_imagen .texto .titulo h1, .texto_imagen .texto .titulo h2, .texto_imagen .texto .titulo h3, .texto_imagen .texto .titulo h4 {\n      font-size: 44px;\n      line-height: 44px;\n      font-weight: 700;\n      color: #0d1733; }\n    .texto_imagen .texto .enlace {\n      margin-top: 10px; }\n    .texto_imagen .texto a {\n      border-radius: 22px;\n      background: #0d1733;\n      color: #FFFFFF;\n      transition: all .1s linear;\n      border: 1px solid #0d1733;\n      font-size: 22px;\n      line-height: 22px;\n      font-weight: 400;\n      padding: 10px 25px;\n      display: inline-block; }\n      .texto_imagen .texto a:hover {\n        background: #FFFFFF;\n        color: #0d1733; }\n  .texto_imagen .imagen {\n    width: 50%;\n    position: relative;\n    height: auto;\n    display: flex; }\n    .texto_imagen .imagen img {\n      width: 100%;\n      height: 100%;\n      object-fit: cover; }\n\n.texto_imagen.inv .imagen {\n  order: 2; }\n\n#contacto .formulario.texto_imagen {\n  margin: 50px 0; }\n\n.cuadrada.texto_imagen {\n  min-height: 500px;\n  height: auto;\n  margin: 100px auto;\n  background: #FFFFFF;\n  align-items: center;\n  padding: 0 20px; }\n  .cuadrada.texto_imagen .texto ul {\n    padding-left: 40px;\n    list-style: none; }\n    .cuadrada.texto_imagen .texto ul li {\n      position: relative;\n      margin-bottom: 30px; }\n      .cuadrada.texto_imagen .texto ul li::before {\n        content: \"\";\n        position: absolute;\n        width: 30px;\n        height: 30px;\n        border-radius: 50%;\n        left: -40px; }\n      .cuadrada.texto_imagen .texto ul li:nth-child(odd)::before {\n        background: #0d1733; }\n      .cuadrada.texto_imagen .texto ul li:nth-child(even)::before {\n        background: #dedede; }\n  .cuadrada.texto_imagen.inv .texto {\n    padding: 0;\n    max-width: 615px;\n    padding-right: 50px; }\n  .cuadrada.texto_imagen:not(.inv) .texto {\n    padding: 0;\n    max-width: 615px;\n    padding-left: 50px; }\n  .cuadrada.texto_imagen:not(.inv) .imagen {\n    text-align: right;\n    justify-content: flex-end; }\n  .cuadrada.texto_imagen .imagen {\n    height: auto;\n    max-width: 615px; }\n    .cuadrada.texto_imagen .imagen img {\n      max-width: 615px;\n      width: 100%;\n      height: 615px;\n      object-fit: cover;\n      border-radius: 50px; }\n  <\/style>\n  <div class=\"texto_imagen inv\">\n    <div class=\"imagen\">\n      <img  title=\"\" decoding=\"async\" class=\"\" src=\"https:\/\/www.trefiladosurbano.com\/wp-content\/uploads\/2020\/06\/cabecera-alto-carbono.jpg\"  alt=\"Tr\u00e9filage et de galvanisation de l\u00b4acier en Belgique - Trefilados Urbano\"  \/>\n    <\/div>\n    <div class=\"texto\">\n      <div class=\"titulo\">\n        <h2>Acier \u00e0 haute teneur en carbone en Belgique<\/h2>      <\/div>\n      <p>Les fils d\u2019acier \u00e0 haute teneur en carbone sont ceux qui sont tr\u00e8s robustes. Plus le degr\u00e9 de carbone est \u00e9lev\u00e9, plus le mat\u00e9riau r\u00e9sultant est de bonne qualit\u00e9, ainsi que sa r\u00e9sistance. Avec ce type de produit, on recherche une durabilit\u00e9 maximale et un allongement minimal. Il est difficile de travailler avec ce mat\u00e9riel, et c\u2019est pr\u00e9cis\u00e9ment ce qu\u2019il faut pour garantir la s\u00e9curit\u00e9 de son utilisation. Venez d\u00e9couvrir notre gamme compl\u00e8te de produits.<\/p>\n          <\/div>\n  <\/div>\n  \n\n\n<section class=\"container-fluid py-4 fondo-verde\">\n<div class=\"row\">\n<div class=\"col-lg-2\">&nbsp;<\/div>\n<div class=\"col-lg-8 wow slideInUp\">\n<p class=\"text-center texto-destacado texto-blanco m-0\">N&rsquo;h\u00e9sitez pas <a class=\"texto-blanco\"><strong>\u00e0 nous contacter pour plus d&rsquo;informations<\/strong> <\/a>et de possibilit\u00e9s.<\/p>\n<\/div>\n<\/div>\n<\/section>\n\n\n\n<section class=\"container-fluid p-0\">\n<div class=\"row\">\n<div class=\"col-lg-6 p-5 d-flex justify-content-center flex-column\">\n<div class=\"cuadro-borde mb-5 p-4\">\n<div class=\"row\">\n<div class=\"col-xl-6 text-center\">\n<p class=\"texto m-0\"><i class=\"fa fa-phone\" aria-hidden=\"true\"><\/i> <a href=\"tel:+34957300075\">+34 957 30 00 75<\/a><\/p>\n<p class=\"texto m-0\"><i class=\"fa fa-envelope\" aria-hidden=\"true\"><\/i> <a href=\"mailto:info@trefiladosurbano.com\">info@trefiladosurbano.com<\/a><\/p>\n<\/div>\n<div class=\"col-xl-6 text-center\">\n<p class=\"texto m-0\"><i class=\"fa fa-map-marker\" aria-hidden=\"true\"><\/i> Ctra. de la Paz.<br>14100. La Carlota. C\u00f3rdoba. Espa\u00f1a.<\/p>\n<\/div>\n<\/div>\n<\/div>\n<div class=\"row\">\n<div class=\"col-12\">\n<div class=\"wpcf7 no-js\" id=\"wpcf7-f1340-o1\" lang=\"fr-FR\" dir=\"ltr\">\n<div class=\"screen-reader-response\"><p role=\"status\" aria-live=\"polite\" aria-atomic=\"true\"><\/p> <ul><\/ul><\/div>\n<form action=\"\/fr\/wp-json\/wp\/v2\/pages\/22683#wpcf7-f1340-o1\" method=\"post\" class=\"wpcf7-form init\" aria-label=\"Formulaire de contact\" novalidate=\"novalidate\" data-status=\"init\">\n<div style=\"display: none;\">\n<input type=\"hidden\" name=\"_wpcf7\" value=\"1340\" \/>\n<input type=\"hidden\" name=\"_wpcf7_version\" value=\"5.9.5\" \/>\n<input type=\"hidden\" name=\"_wpcf7_locale\" value=\"fr_FR\" \/>\n<input type=\"hidden\" name=\"_wpcf7_unit_tag\" value=\"wpcf7-f1340-o1\" \/>\n<input type=\"hidden\" name=\"_wpcf7_container_post\" value=\"0\" \/>\n<input type=\"hidden\" name=\"_wpcf7_posted_data_hash\" value=\"\" \/>\n<input type=\"hidden\" name=\"_wpcf7_recaptcha_response\" value=\"\" \/>\n<\/div>\n<div class=\"row\">\n\t<div class=\"col-md-6 mb-3\">\n\t\t<p><span class=\"wpcf7-form-control-wrap\" data-name=\"your-name\"><input size=\"40\" class=\"wpcf7-form-control wpcf7-text wpcf7-validates-as-required\" aria-required=\"true\" aria-invalid=\"false\" placeholder=\"Nombre (*)\" value=\"\" type=\"text\" name=\"your-name\" \/><\/span>\n\t\t<\/p>\n\t<\/div>\n\t<div class=\"col-md-6 mb-3\">\n\t\t<p><span class=\"wpcf7-form-control-wrap\" data-name=\"your-email\"><input size=\"40\" class=\"wpcf7-form-control wpcf7-email wpcf7-validates-as-required wpcf7-text wpcf7-validates-as-email\" aria-required=\"true\" aria-invalid=\"false\" placeholder=\"Email (*)\" value=\"\" type=\"email\" name=\"your-email\" \/><\/span>\n\t\t<\/p>\n\t<\/div>\n<\/div>\n<div class=\"row\">\n\t<div class=\"col-12 mb-3\">\n\t\t<p><span class=\"wpcf7-form-control-wrap\" data-name=\"your-message\"><textarea cols=\"40\" rows=\"4\" class=\"wpcf7-form-control wpcf7-textarea\" aria-invalid=\"false\" placeholder=\"Mensaje (*)\" name=\"your-message\"><\/textarea><\/span>\n\t\t<\/p>\n\t<\/div>\n<\/div>\n<div class=\"row\">\n\t<div class=\"col-md-8\">\n\t\t<p><span class=\"wpcf7-form-control-wrap\" data-name=\"acceptance-508\"><span class=\"wpcf7-form-control wpcf7-acceptance\"><span class=\"wpcf7-list-item\"><label><input type=\"checkbox\" name=\"acceptance-508\" value=\"1\" aria-invalid=\"false\" \/><span class=\"wpcf7-list-item-label\">He le\u00eddo y acepto el <a href=\"\/aviso-legal\" target=\"_blank\">aviso legal<\/a> y la <a href=\"\/politica-de-privacidad\" target=\"_blank\">pol\u00edtica de privacidad<\/a><\/span><\/label><\/span><\/span><\/span>\n\t\t<\/p>\n\t<\/div>\n\t<div class=\"col-md-4 text-right\">\n\t\t<p><input class=\"wpcf7-form-control wpcf7-submit has-spinner\" type=\"submit\" value=\"Enviar\" \/>\n\t\t<\/p>\n\t<\/div>\n<\/div><div class=\"wpcf7-response-output\" aria-hidden=\"true\"><\/div>\n<\/form>\n<\/div>\n<\/div>\n<\/div>\n<\/div>\n<div class=\"col-lg-6 py-5 px-0\"><iframe class=\"mapa-contacto\" src=\"https:\/\/www.google.com\/maps\/embed?pb=!1m14!1m8!1m3!1d12633.76268516574!2d-4.9300008!3d37.6623519!3m2!1i1024!2i768!4f13.1!3m3!1m2!1s0x0%3A0xbc730c4531653f51!2sTrefilados%20Urbano!5e0!3m2!1ses!2ses!4v1585259854675!5m2!1ses!2ses\"><\/iframe><\/div>\n<\/div>\n<\/section>\n\n\n\n<div style=\"height:100px\" aria-hidden=\"true\" class=\"wp-block-spacer\"><\/div>\n\n\n  <div class=\"bloque_seo white\" style=\"\">\n    <div class=\"content container\">\n                          <div class=\"texto\">\n          <h3 style=\"text-align: center;\"><strong>Fabricants de fils en Belgique: des solutions adapt\u00e9es \u00e0 vos projets<\/strong><\/h3>\n<p style=\"text-align: center;\">En tant qu&rsquo;acteur majeur dans la fabrication de fils galvanis\u00e9s en Belgique, nous offrons une gamme compl\u00e8te de solutions adapt\u00e9es \u00e0 vos besoins sp\u00e9cifiques. Que ce soit pour des applications industrielles ou des projets de construction, nos fils sont con\u00e7us pour offrir une r\u00e9sistance optimale et une durabilit\u00e9 incomparable. Nous avons perfectionn\u00e9 l\u2019art de la fabrication de fils pour garantir que chaque rouleau produit dans nos installations respecte les normes de qualit\u00e9 les plus strictes.<\/p>\n        <\/div>\n                    <div class=\"open\">\n        <svg fill=\"#000000\" height=\"35px\" width=\"35px\" version=\"1.1\" id=\"Layer_1\" xmlns=\"http:\/\/www.w3.org\/2000\/svg\" xmlns:xlink=\"http:\/\/www.w3.org\/1999\/xlink\" \n          viewBox=\"0 0 330 330\" xml:space=\"preserve\">\n        <path id=\"XMLID_225_\" d=\"M325.607,79.393c-5.857-5.857-15.355-5.858-21.213,0.001l-139.39,139.393L25.607,79.393\n          c-5.857-5.857-15.355-5.858-21.213,0.001c-5.858,5.858-5.858,15.355,0,21.213l150.004,150c2.813,2.813,6.628,4.393,10.606,4.393\n          s7.794-1.581,10.606-4.394l149.996-150C331.465,94.749,331.465,85.251,325.607,79.393z\"\/>\n        <\/svg>\n        <\/div>\n        <div class=\"border_seo\"><\/div>\n            <div class=\"seoclosed\">\n                  <div class=\"texto\">\n            <h3 style=\"text-align: center;\"><strong>Fournisseurs de fils galvanis\u00e9s <\/strong><strong>en Belgique<\/strong><\/h3>\n<p style=\"text-align: center;\">Chez Trefilados Urbano, nous ne nous limitons pas \u00e0 \u00eatre une simple usine de fabrication : nous sommes aussi des fournisseurs engag\u00e9s \u00e0 satisfaire pleinement nos clients. Chaque projet \u00e9tant unique, nous proposons des produits personnalis\u00e9s qui r\u00e9pondent exactement \u00e0 vos exigences. Que vous recherchiez un fil \u00e0 faible teneur en carbone pour des travaux d\u00e9licats ou un fil \u00e0 haute teneur en carbone pour des constructions robustes, notre expertise nous permet de r\u00e9pondre pr\u00e9cis\u00e9ment \u00e0 vos besoins.<\/p>\n<h3 style=\"text-align: center;\"><strong>Des fils galvanis\u00e9s pour une protection durable contre la corrosion<\/strong><\/h3>\n<p style=\"text-align: center;\">Nos fils galvanis\u00e9s sont sp\u00e9cialement trait\u00e9s pour offrir une r\u00e9sistance exceptionnelle \u00e0 la corrosion, ce qui garantit une longue dur\u00e9e de vie, quelles que soient les conditions climatiques. Ce type de produit est id\u00e9al non seulement pour le secteur de la construction, mais aussi pour des usages agricoles ou marins, o\u00f9 la lutte contre la rouille est essentielle.<\/p>\n<h3 style=\"text-align: center;\"><strong>Trefilage et galvanisation en Belgique<\/strong><\/h3>\n<p style=\"text-align: center;\">Sp\u00e9cialis\u00e9s dans le tr\u00e9filage de fils \u00e0 haute et basse teneur en carbone, nous fournissons des solutions adapt\u00e9es \u00e0 une grande diversit\u00e9 d\u2019industries, allant de l\u2019automobile \u00e0 la construction. Gr\u00e2ce \u00e0 un processus de fabrication rigoureux, chaque produit \u2013 qu\u2019il s\u2019agisse d\u2019acier \u00e0 haute teneur en carbone ou de fils galvanis\u00e9s \u2013 est conforme aux normes les plus exigeantes du march\u00e9.<\/p>\n<p style=\"text-align: center;\">Avec <strong>Trefilados Urbano<\/strong>, b\u00e9n\u00e9ficiez de produits fiables et de haute qualit\u00e9, con\u00e7us pour r\u00e9pondre aux exigences de vos projets les plus ambitieux.<\/p>\n          <\/div>\n              <\/div>\n    <\/div>\n  <\/div>\n  <script>\n    jQuery(document).ready(function() {\n\n      if (jQuery(\".bloque_seo\").length > 0) {\n        jQuery(\".bloque_seo .open\").on(\"click\", function() {\n          jQuery(this).parent().find(\".seoclosed\").toggleClass(\"closed\");\n          jQuery(this).toggleClass(\"change\");\n        });\n        jQuery(window).scroll(function() {\n          if (jQuery(this).scrollTop() > 50) {\n            if (!jQuery(\".bloque_seo\").hasClass(\"toggled\")) {\n              jQuery(\".bloque_seo\").addClass(\"toggled\");\n              jQuery(\".bloque_seo .seoclosed\").toggleClass(\"closed\");\n            }\n          }\n        });\n      }\n    });\n  <\/script>\n\n\n\n<div style=\"height:100px\" aria-hidden=\"true\" class=\"wp-block-spacer\"><\/div>\n","protected":false},"excerpt":{"rendered":"<p>&nbsp; N&rsquo;h\u00e9sitez pas \u00e0 nous contacter pour plus d&rsquo;informations et de possibilit\u00e9s. +34 957 30 00 75 info@trefiladosurbano.com Ctra. de la Paz.14100. La Carlota. C\u00f3rdoba. Espa\u00f1a.<\/p>\n<a class=\"btn btn-primary read-more-button\" href=\"https:\/\/www.trefiladosurbano.com\/fr\/trefilage-et-de-galvanisation-de-acier-en-belgique\/\">Leer m\u00e1s...<\/a>","protected":false},"author":8,"featured_media":22636,"parent":0,"menu_order":0,"comment_status":"closed","ping_status":"closed","template":"pages-templates\/empty-page.php","meta":{"_acf_changed":false,"ngg_post_thumbnail":0,"footnotes":""},"acf":[],"_links":{"self":[{"href":"https:\/\/www.trefiladosurbano.com\/fr\/wp-json\/wp\/v2\/pages\/22683"}],"collection":[{"href":"https:\/\/www.trefiladosurbano.com\/fr\/wp-json\/wp\/v2\/pages"}],"about":[{"href":"https:\/\/www.trefiladosurbano.com\/fr\/wp-json\/wp\/v2\/types\/page"}],"author":[{"embeddable":true,"href":"https:\/\/www.trefiladosurbano.com\/fr\/wp-json\/wp\/v2\/users\/8"}],"replies":[{"embeddable":true,"href":"https:\/\/www.trefiladosurbano.com\/fr\/wp-json\/wp\/v2\/comments?post=22683"}],"version-history":[{"count":3,"href":"https:\/\/www.trefiladosurbano.com\/fr\/wp-json\/wp\/v2\/pages\/22683\/revisions"}],"predecessor-version":[{"id":22755,"href":"https:\/\/www.trefiladosurbano.com\/fr\/wp-json\/wp\/v2\/pages\/22683\/revisions\/22755"}],"wp:featuredmedia":[{"embeddable":true,"href":"https:\/\/www.trefiladosurbano.com\/fr\/wp-json\/wp\/v2\/media\/22636"}],"wp:attachment":[{"href":"https:\/\/www.trefiladosurbano.com\/fr\/wp-json\/wp\/v2\/media?parent=22683"}],"curies":[{"name":"wp","href":"https:\/\/api.w.org\/{rel}","templated":true}]}}